{"id":141743,"date":"2024-07-19T21:20:30","date_gmt":"2024-07-19T13:20:30","guid":{"rendered":"https:\/\/raymy.hk\/minerals\/"},"modified":"2024-09-02T21:09:20","modified_gmt":"2024-09-02T13:09:20","slug":"minerals","status":"publish","type":"page","link":"https:\/\/raymy.hk\/es\/minerals\/","title":{"rendered":"Minerals"},"content":{"rendered":"<div class=\"wpb-content-wrapper\"><p>[vc_row row_height_percent=\u00bb50&#8243; back_image=\u00bb141207&#8243; back_position=\u00bbcenter center\u00bb kburns=\u00bbyes\u00bb overlay_color=\u00bbcolor-jevc\u00bb overlay_alpha=\u00bb30&#8243; gutter_size=\u00bb3&#8243; column_width_percent=\u00bb100&#8243; shift_y=\u00bb0&#8243; z_index=\u00bb0&#8243; uncode_shortcode_id=\u00bb111116&#8243; row_height_pixel=\u00bb300&#8243; overlay_color_type=\u00bbuncode-palette\u00bb][vc_column column_width_percent=\u00bb100&#8243; position_vertical=\u00bbmiddle\u00bb align_horizontal=\u00bbalign_center\u00bb gutter_size=\u00bb3&#8243; style=\u00bbdark\u00bb overlay_alpha=\u00bb50&#8243; shift_x=\u00bb0&#8243; shift_y=\u00bb0&#8243; shift_y_down=\u00bb0&#8243; z_index=\u00bb0&#8243; medium_width=\u00bb0&#8243; mobile_width=\u00bb0&#8243; width=\u00bb1\/1&#8243; uncode_shortcode_id=\u00bb146835&#8243;][vc_custom_heading auto_text=\u00bbyes\u00bb text_color=\u00bbcolor-xsdn\u00bb text_size=\u00bbfontsize-338686&#8243; text_weight=\u00bb700&#8243; css_animation=\u00bbalpha-anim\u00bb animation_speed=\u00bb1000&#8243; uncode_shortcode_id=\u00bb256800&#8243; text_color_type=\u00bbuncode-palette\u00bb]This is a custom heading element.[\/vc_custom_heading][\/vc_column][\/vc_row][vc_row row_height_percent=\u00bb0&#8243; override_padding=\u00bbyes\u00bb h_padding=\u00bb2&#8243; top_padding=\u00bb3&#8243; bottom_padding=\u00bb0&#8243; overlay_alpha=\u00bb50&#8243; equal_height=\u00bbyes\u00bb gutter_size=\u00bb3&#8243; column_width_percent=\u00bb100&#8243; shift_y=\u00bb0&#8243; z_index=\u00bb0&#8243; uncode_shortcode_id=\u00bb184980&#8243;][vc_column column_width_percent=\u00bb100&#8243; position_vertical=\u00bbmiddle\u00bb align_horizontal=\u00bbalign_center\u00bb gutter_size=\u00bb3&#8243; back_image=\u00bb141110&#8243; back_position=\u00bbleft bottom\u00bb overlay_alpha=\u00bb50&#8243; shift_x=\u00bb0&#8243; shift_y=\u00bb0&#8243; shift_y_down=\u00bb0&#8243; z_index=\u00bb0&#8243; medium_width=\u00bb0&#8243; mobile_width=\u00bb0&#8243; width=\u00bb2\/3&#8243; uncode_shortcode_id=\u00bb192169&#8243; back_size=\u00bb300px 220px\u00bb][vc_column_text uncode_shortcode_id=\u00bb103305&#8243;]Raymy Trade Limited opera estrat\u00e9gicamente en puertos clave como Guangxi Qinzhou, Tianjin y Guangzhou Huangpu, asegurando un despacho aduanero eficiente y la entrega r\u00e1pida de minerales importados. Mediante una estrategia de fijaci\u00f3n de precios que incluye el impuesto en RMB, suministramos minerales directamente a f\u00e1bricas nacionales. Este enfoque no solo garantiza operaciones eficientes en la cadena de suministro, sino que tambi\u00e9n optimiza costos.[\/vc_column_text][\/vc_column][vc_column width=\u00bb1\/3&#8243;][vc_single_image media=\u00bb141144&#8243; media_width_percent=\u00bb100&#8243; media_ratio=\u00bbone-one\u00bb alignment=\u00bbcenter\u00bb shape=\u00bbimg-circle\u00bb uncode_shortcode_id=\u00bb695401&#8243;][vc_empty_space][\/vc_column][\/vc_row][vc_row row_height_percent=\u00bb0&#8243; override_padding=\u00bbyes\u00bb h_padding=\u00bb2&#8243; top_padding=\u00bb4&#8243; bottom_padding=\u00bb4&#8243; back_color=\u00bbcolor-lxmt\u00bb back_image=\u00bb141212&#8243; overlay_color=\u00bbcolor-xsdn\u00bb overlay_alpha=\u00bb50&#8243; equal_height=\u00bbyes\u00bb gutter_size=\u00bb3&#8243; column_width_percent=\u00bb100&#8243; shift_y=\u00bb0&#8243; z_index=\u00bb0&#8243; uncode_shortcode_id=\u00bb639904&#8243; back_color_type=\u00bbuncode-palette\u00bb overlay_color_type=\u00bbuncode-palette\u00bb][vc_column column_width_percent=\u00bb100&#8243; position_vertical=\u00bbmiddle\u00bb align_horizontal=\u00bbalign_center\u00bb gutter_size=\u00bb3&#8243; overlay_alpha=\u00bb50&#8243; shift_x=\u00bb0&#8243; shift_y=\u00bb0&#8243; shift_y_down=\u00bb0&#8243; z_index=\u00bb0&#8243; medium_width=\u00bb0&#8243; mobile_width=\u00bb0&#8243; width=\u00bb1\/1&#8243; uncode_shortcode_id=\u00bb128329&#8243;][vc_custom_heading heading_semantic=\u00bbh1&#8243; text_size=\u00bbh1&#8243; separator=\u00bbyes\u00bb uncode_shortcode_id=\u00bb211041&#8243; el_class=\u00bbseparator-color\u00bb]Tipos de mineral importado[\/vc_custom_heading][vc_row_inner row_inner_height_percent=\u00bb0&#8243; overlay_alpha=\u00bb50&#8243; equal_height=\u00bbyes\u00bb gutter_size=\u00bb3&#8243; shift_y=\u00bb0&#8243; z_index=\u00bb0&#8243; uncode_shortcode_id=\u00bb894793&#8243;][vc_column_inner column_width_percent=\u00bb100&#8243; gutter_size=\u00bb3&#8243; override_padding=\u00bbyes\u00bb column_padding=\u00bb2&#8243; overlay_color=\u00bbcolor-xsdn\u00bb overlay_alpha=\u00bb75&#8243; radius=\u00bblg\u00bb border_color=\u00bbcolor-159154&#8243; border_style=\u00bbsolid\u00bb shift_x=\u00bb0&#8243; shift_y=\u00bb0&#8243; shift_y_down=\u00bb0&#8243; z_index=\u00bb0&#8243; medium_width=\u00bb0&#8243; mobile_width=\u00bb0&#8243; width=\u00bb1\/3&#8243; uncode_shortcode_id=\u00bb105768&#8243; overlay_color_type=\u00bbuncode-palette\u00bb css=\u00bb.vc_custom_1723354584235{border-top-width: 3px !important;border-right-width: 3px !important;border-bottom-width: 3px !important;border-left-width: 3px !important;}\u00bb border_color_type=\u00bbuncode-palette\u00bb][vc_column_text uncode_shortcode_id=\u00bb105261&#8243;]<strong>Suministro de mineral de bauxita:<\/strong> Nos abastecemos de minerales de bauxita de primera calidad de Costa de Marfil y Ghana en \u00c1frica Occidental, suministrando materias primas esenciales para la industria mundial del aluminio. Reconocidos por su alta calidad y estabilidad, estos minerales son cruciales para el proceso de producci\u00f3n de aluminio.[\/vc_column_text][\/vc_column_inner][vc_column_inner column_width_percent=\u00bb100&#8243; gutter_size=\u00bb3&#8243; override_padding=\u00bbyes\u00bb column_padding=\u00bb2&#8243; overlay_color=\u00bbcolor-xsdn\u00bb overlay_alpha=\u00bb75&#8243; radius=\u00bblg\u00bb border_color=\u00bbcolor-159154&#8243; border_style=\u00bbsolid\u00bb shift_x=\u00bb0&#8243; shift_y=\u00bb0&#8243; shift_y_down=\u00bb0&#8243; z_index=\u00bb0&#8243; medium_width=\u00bb0&#8243; mobile_width=\u00bb0&#8243; width=\u00bb1\/3&#8243; uncode_shortcode_id=\u00bb521431&#8243; overlay_color_type=\u00bbuncode-palette\u00bb css=\u00bb.vc_custom_1723354597175{border-top-width: 3px !important;border-right-width: 3px !important;border-bottom-width: 3px !important;border-left-width: 3px !important;}\u00bb border_color_type=\u00bbuncode-palette\u00bb][vc_column_text uncode_shortcode_id=\u00bb599127&#8243;]<strong>Importaci\u00f3n de manganeso y concentrado de esta\u00f1o:<\/strong> Importamos directamente mineral de manganeso y concentrado de esta\u00f1o de alta calidad de Brasil. El mineral de manganeso es un aditivo esencial en la producci\u00f3n de acero, que mejora significativamente su rendimiento y calidad. Adem\u00e1s, el concentrado de esta\u00f1o es un material crucial para las industrias electr\u00f3nica y qu\u00edmica debido a su amplia gama de aplicaciones.[\/vc_column_text][\/vc_column_inner][vc_column_inner column_width_percent=\u00bb100&#8243; gutter_size=\u00bb3&#8243; override_padding=\u00bbyes\u00bb column_padding=\u00bb2&#8243; overlay_color=\u00bbcolor-xsdn\u00bb overlay_alpha=\u00bb75&#8243; radius=\u00bblg\u00bb border_color=\u00bbcolor-159154&#8243; border_style=\u00bbsolid\u00bb shift_x=\u00bb0&#8243; shift_y=\u00bb0&#8243; shift_y_down=\u00bb0&#8243; z_index=\u00bb0&#8243; medium_width=\u00bb0&#8243; mobile_width=\u00bb0&#8243; width=\u00bb1\/3&#8243; uncode_shortcode_id=\u00bb116082&#8243; overlay_color_type=\u00bbuncode-palette\u00bb css=\u00bb.vc_custom_1723354628645{border-top-width: 3px !important;border-right-width: 3px !important;border-bottom-width: 3px !important;border-left-width: 3px !important;}\u00bb border_color_type=\u00bbuncode-palette\u00bb][vc_column_text uncode_shortcode_id=\u00bb139014&#8243;]<strong>Suministro selecto de mineral de cobre:<\/strong> Obtenemos mineral de cobre de primera calidad de Zambia, reconocida por sus ricos recursos de cobre y dep\u00f3sitos de alta calidad. El mineral de cobre es esencial para las industrias el\u00e9ctrica y de la construcci\u00f3n, ya que sirve como materia prima fundamental que sustenta la infraestructura moderna y la innovaci\u00f3n tecnol\u00f3gica.[\/vc_column_text][\/vc_column_inner][\/vc_row_inner][\/vc_column][\/vc_row][vc_row row_height_percent=\u00bb0&#8243; override_padding=\u00bbyes\u00bb h_padding=\u00bb2&#8243; top_padding=\u00bb4&#8243; bottom_padding=\u00bb4&#8243; back_color=\u00bbcolor-lxmt\u00bb back_image=\u00bb141217&#8243; overlay_color=\u00bbcolor-jevc\u00bb overlay_alpha=\u00bb50&#8243; equal_height=\u00bbyes\u00bb gutter_size=\u00bb3&#8243; column_width_percent=\u00bb100&#8243; shift_y=\u00bb0&#8243; z_index=\u00bb0&#8243; uncode_shortcode_id=\u00bb396745&#8243; back_color_type=\u00bbuncode-palette\u00bb overlay_color_type=\u00bbuncode-palette\u00bb][vc_column column_width_percent=\u00bb100&#8243; position_vertical=\u00bbmiddle\u00bb align_horizontal=\u00bbalign_center\u00bb gutter_size=\u00bb3&#8243; style=\u00bbdark\u00bb overlay_alpha=\u00bb50&#8243; shift_x=\u00bb0&#8243; shift_y=\u00bb0&#8243; shift_y_down=\u00bb0&#8243; z_index=\u00bb0&#8243; medium_width=\u00bb0&#8243; mobile_width=\u00bb0&#8243; width=\u00bb1\/1&#8243; uncode_shortcode_id=\u00bb162133&#8243;][vc_custom_heading heading_semantic=\u00bbh1&#8243; text_size=\u00bbh1&#8243; separator=\u00bbyes\u00bb uncode_shortcode_id=\u00bb981217&#8243; el_class=\u00bbseparator-color\u00bb]Cooperaci\u00f3n e Inversi\u00f3n en el Extranjero[\/vc_custom_heading][vc_row_inner row_inner_height_percent=\u00bb0&#8243; overlay_alpha=\u00bb50&#8243; equal_height=\u00bbyes\u00bb gutter_size=\u00bb3&#8243; shift_y=\u00bb0&#8243; z_index=\u00bb0&#8243; uncode_shortcode_id=\u00bb894793&#8243;][vc_column_inner column_width_percent=\u00bb100&#8243; gutter_size=\u00bb3&#8243; override_padding=\u00bbyes\u00bb column_padding=\u00bb2&#8243; overlay_color=\u00bbcolor-xsdn\u00bb overlay_alpha=\u00bb75&#8243; radius=\u00bblg\u00bb border_color=\u00bbcolor-159154&#8243; border_style=\u00bbsolid\u00bb shift_x=\u00bb0&#8243; shift_y=\u00bb0&#8243; shift_y_down=\u00bb0&#8243; z_index=\u00bb0&#8243; medium_width=\u00bb0&#8243; mobile_width=\u00bb0&#8243; width=\u00bb1\/4&#8243; uncode_shortcode_id=\u00bb105768&#8243; overlay_color_type=\u00bbuncode-palette\u00bb css=\u00bb.vc_custom_1723354584235{border-top-width: 3px !important;border-right-width: 3px !important;border-bottom-width: 3px !important;border-left-width: 3px !important;}\u00bb border_color_type=\u00bbuncode-palette\u00bb][vc_column_text uncode_shortcode_id=\u00bb380953&#8243;]<strong>Inversi\u00f3n en minas de cobre de Zimbabue:<\/strong> Hemos invertido estrat\u00e9gicamente en minas de cobre en Zimbabue, \u00c1frica, asegurando un suministro estable de recursos de cobre y mejorando nuestra ventaja competitiva en el mercado de mineral de cobre. Esta estrategia proactiva de recursos demuestra nuestro compromiso de proporcionar a nuestros clientes suministros continuos y confiables de cobre.[\/vc_column_text][\/vc_column_inner][vc_column_inner column_width_percent=\u00bb100&#8243; gutter_size=\u00bb3&#8243; override_padding=\u00bbyes\u00bb column_padding=\u00bb2&#8243; overlay_color=\u00bbcolor-xsdn\u00bb overlay_alpha=\u00bb75&#8243; radius=\u00bblg\u00bb border_color=\u00bbcolor-159154&#8243; border_style=\u00bbsolid\u00bb shift_x=\u00bb0&#8243; shift_y=\u00bb0&#8243; shift_y_down=\u00bb0&#8243; z_index=\u00bb0&#8243; medium_width=\u00bb0&#8243; mobile_width=\u00bb0&#8243; width=\u00bb1\/4&#8243; uncode_shortcode_id=\u00bb521431&#8243; overlay_color_type=\u00bbuncode-palette\u00bb css=\u00bb.vc_custom_1723354597175{border-top-width: 3px !important;border-right-width: 3px !important;border-bottom-width: 3px !important;border-left-width: 3px !important;}\u00bb border_color_type=\u00bbuncode-palette\u00bb][vc_column_text uncode_shortcode_id=\u00bb144536&#8243;]<strong>Inversi\u00f3n en minas de esta\u00f1o de Venezuela:<\/strong> Hemos invertido estrat\u00e9gicamente en regiones clave de miner\u00eda de esta\u00f1o en Venezuela, Am\u00e9rica del Sur. Esta medida ha mejorado significativamente nuestra competitividad en el mercado de recursos de esta\u00f1o. Al asegurar un suministro estable y establecer una posici\u00f3n s\u00f3lida en el mercado mundial del esta\u00f1o, hemos establecido una base s\u00f3lida para el desarrollo a largo plazo de la compa\u00f1\u00eda.[\/vc_column_text][\/vc_column_inner][vc_column_inner column_width_percent=\u00bb100&#8243; gutter_size=\u00bb3&#8243; override_padding=\u00bbyes\u00bb column_padding=\u00bb2&#8243; overlay_color=\u00bbcolor-xsdn\u00bb overlay_alpha=\u00bb75&#8243; radius=\u00bblg\u00bb border_color=\u00bbcolor-159154&#8243; border_style=\u00bbsolid\u00bb shift_x=\u00bb0&#8243; shift_y=\u00bb0&#8243; shift_y_down=\u00bb0&#8243; z_index=\u00bb0&#8243; medium_width=\u00bb0&#8243; mobile_width=\u00bb0&#8243; width=\u00bb1\/4&#8243; uncode_shortcode_id=\u00bb116082&#8243; overlay_color_type=\u00bbuncode-palette\u00bb css=\u00bb.vc_custom_1723354628645{border-top-width: 3px !important;border-right-width: 3px !important;border-bottom-width: 3px !important;border-left-width: 3px !important;}\u00bb border_color_type=\u00bbuncode-palette\u00bb][vc_column_text uncode_shortcode_id=\u00bb197995&#8243;]<strong>Desarrollo de Cooperaci\u00f3n Minera en Bolivia:<\/strong> Estamos buscando activamente proyectos de desarrollo cooperativo en minas de mineral de hierro y manganeso en Bolivia, Am\u00e9rica del Sur. Esta asociaci\u00f3n estrat\u00e9gica ha ampliado significativamente nuestra cartera de recursos minerales. A trav\u00e9s de estas colaboraciones, hemos mejorado la diversidad de recursos al tiempo que aumentamos nuestra competitividad e influencia en el mercado minero global.[\/vc_column_text][\/vc_column_inner][vc_column_inner column_width_percent=\u00bb100&#8243; gutter_size=\u00bb3&#8243; override_padding=\u00bbyes\u00bb column_padding=\u00bb2&#8243; overlay_color=\u00bbcolor-xsdn\u00bb overlay_alpha=\u00bb75&#8243; radius=\u00bblg\u00bb border_color=\u00bbcolor-159154&#8243; border_style=\u00bbsolid\u00bb shift_x=\u00bb0&#8243; shift_y=\u00bb0&#8243; shift_y_down=\u00bb0&#8243; z_index=\u00bb0&#8243; medium_width=\u00bb0&#8243; mobile_width=\u00bb0&#8243; width=\u00bb1\/4&#8243; uncode_shortcode_id=\u00bb106264&#8243; overlay_color_type=\u00bbuncode-palette\u00bb css=\u00bb.vc_custom_1723461591934{border-top-width: 3px !important;border-right-width: 3px !important;border-bottom-width: 3px !important;border-left-width: 3px !important;}\u00bb border_color_type=\u00bbuncode-palette\u00bb][vc_column_text uncode_shortcode_id=\u00bb822225&#8243;]<strong>Desarrollo de minas de oro en Costa de Marfil:<\/strong> En Costa de Marfil, \u00c1frica Occidental, poseemos y operamos activamente una mina de oro. Este activo estrat\u00e9gico ha revitalizado y expandido nuestro negocio de metales preciosos. Al desarrollar este valioso recurso, hemos reforzado nuestra presencia en el mercado de metales preciosos y hemos brindado un s\u00f3lido apoyo para el crecimiento a largo plazo y la creaci\u00f3n de valor de la empresa.[\/vc_column_text][\/vc_column_inner][\/vc_row_inner][\/vc_column][\/vc_row][vc_row row_height_percent=\u00bb0&#8243; override_padding=\u00bbyes\u00bb h_padding=\u00bb2&#8243; top_padding=\u00bb0&#8243; bottom_padding=\u00bb3&#8243; overlay_alpha=\u00bb50&#8243; equal_height=\u00bbyes\u00bb gutter_size=\u00bb3&#8243; column_width_percent=\u00bb100&#8243; shift_y=\u00bb0&#8243; z_index=\u00bb0&#8243; uncode_shortcode_id=\u00bb182008&#8243;][vc_column column_width_percent=\u00bb100&#8243; position_vertical=\u00bbmiddle\u00bb align_horizontal=\u00bbalign_center\u00bb gutter_size=\u00bb3&#8243; back_image=\u00bb141136&#8243; back_repeat=\u00bbno-repeat\u00bb back_position=\u00bbright top\u00bb overlay_alpha=\u00bb50&#8243; shift_x=\u00bb0&#8243; shift_y=\u00bb0&#8243; shift_y_down=\u00bb0&#8243; z_index=\u00bb0&#8243; medium_width=\u00bb0&#8243; mobile_width=\u00bb0&#8243; width=\u00bb2\/3&#8243; uncode_shortcode_id=\u00bb683707&#8243; back_size=\u00bb300px 220px\u00bb][vc_column_text uncode_shortcode_id=\u00bb408489&#8243;]En respuesta a la iniciativa nacional de la Franja y la Ruta, aprovechamos nuestra experiencia en comercio internacional para expandirnos activamente a los mercados extranjeros, particularmente en los pa\u00edses y regiones en desarrollo. A trav\u00e9s de inversiones estrat\u00e9gicas y una cooperaci\u00f3n m\u00e1s profunda, fortalecemos continuamente nuestra conectividad con el mercado global de recursos. Nos comprometemos a fomentar un nuevo modelo de cooperaci\u00f3n internacional que garantice el beneficio mutuo y los resultados beneficiosos para todos.[\/vc_column_text][\/vc_column][vc_column width=\u00bb1\/3&#8243;][vc_empty_space][vc_single_image media=\u00bb141143&#8243; media_width_percent=\u00bb100&#8243; media_ratio=\u00bbone-one\u00bb alignment=\u00bbcenter\u00bb shape=\u00bbimg-circle\u00bb uncode_shortcode_id=\u00bb868625&#8243;][\/vc_column][\/vc_row][vc_row row_height_percent=\u00bb0&#8243; override_padding=\u00bbyes\u00bb h_padding=\u00bb2&#8243; top_padding=\u00bb4&#8243; bottom_padding=\u00bb4&#8243; back_color=\u00bbcolor-lxmt\u00bb back_image=\u00bb141221&#8243; overlay_color=\u00bbcolor-jevc\u00bb overlay_alpha=\u00bb50&#8243; equal_height=\u00bbyes\u00bb gutter_size=\u00bb3&#8243; column_width_percent=\u00bb100&#8243; shift_y=\u00bb0&#8243; z_index=\u00bb0&#8243; uncode_shortcode_id=\u00bb180291&#8243; back_color_type=\u00bbuncode-palette\u00bb overlay_color_type=\u00bbuncode-palette\u00bb][vc_column column_width_percent=\u00bb100&#8243; position_vertical=\u00bbmiddle\u00bb align_horizontal=\u00bbalign_center\u00bb gutter_size=\u00bb3&#8243; style=\u00bbdark\u00bb overlay_alpha=\u00bb50&#8243; shift_x=\u00bb0&#8243; shift_y=\u00bb0&#8243; shift_y_down=\u00bb0&#8243; z_index=\u00bb0&#8243; medium_width=\u00bb0&#8243; mobile_width=\u00bb0&#8243; width=\u00bb1\/1&#8243; uncode_shortcode_id=\u00bb988791&#8243;][vc_custom_heading heading_semantic=\u00bbh1&#8243; text_size=\u00bbh1&#8243; separator=\u00bbyes\u00bb uncode_shortcode_id=\u00bb930644&#8243; el_class=\u00bbseparator-color\u00bb]Pioneros en el campo de las nuevas energ\u00edas[\/vc_custom_heading][vc_row_inner row_inner_height_percent=\u00bb0&#8243; overlay_alpha=\u00bb50&#8243; equal_height=\u00bbyes\u00bb gutter_size=\u00bb3&#8243; shift_y=\u00bb0&#8243; z_index=\u00bb0&#8243; uncode_shortcode_id=\u00bb894793&#8243;][vc_column_inner column_width_percent=\u00bb100&#8243; gutter_size=\u00bb3&#8243; override_padding=\u00bbyes\u00bb column_padding=\u00bb2&#8243; overlay_color=\u00bbcolor-xsdn\u00bb overlay_alpha=\u00bb75&#8243; radius=\u00bblg\u00bb border_color=\u00bbcolor-159154&#8243; border_style=\u00bbsolid\u00bb shift_x=\u00bb0&#8243; shift_y=\u00bb0&#8243; shift_y_down=\u00bb0&#8243; z_index=\u00bb0&#8243; medium_width=\u00bb0&#8243; mobile_width=\u00bb0&#8243; width=\u00bb1\/3&#8243; uncode_shortcode_id=\u00bb105768&#8243; overlay_color_type=\u00bbuncode-palette\u00bb css=\u00bb.vc_custom_1723354584235{border-top-width: 3px !important;border-right-width: 3px !important;border-bottom-width: 3px !important;border-left-width: 3px !important;}\u00bb border_color_type=\u00bbuncode-palette\u00bb][vc_column_text uncode_shortcode_id=\u00bb262207&#8243;]<strong>Nueva estrategia energ\u00e9tica comercial del litio:<\/strong> Estamos expandiendo activamente nuestra presencia en el sector de las nuevas energ\u00edas, habiendo asegurado un contrato de adquisici\u00f3n exclusiva a largo plazo con la mina de litio Benson en Zimbabue. A partir de diciembre de 2023, comenzaremos el comercio internacional de litio a trav\u00e9s del puerto de Beira en Mozambique. Esta iniciativa proporcionar\u00e1 apoyo de materias primas para el r\u00e1pido crecimiento de la industria mundial de nuevas energ\u00edas.[\/vc_column_text][\/vc_column_inner][vc_column_inner column_width_percent=\u00bb100&#8243; gutter_size=\u00bb3&#8243; override_padding=\u00bbyes\u00bb column_padding=\u00bb2&#8243; overlay_color=\u00bbcolor-xsdn\u00bb overlay_alpha=\u00bb75&#8243; radius=\u00bblg\u00bb border_color=\u00bbcolor-159154&#8243; border_style=\u00bbsolid\u00bb shift_x=\u00bb0&#8243; shift_y=\u00bb0&#8243; shift_y_down=\u00bb0&#8243; z_index=\u00bb0&#8243; medium_width=\u00bb0&#8243; mobile_width=\u00bb0&#8243; width=\u00bb1\/3&#8243; uncode_shortcode_id=\u00bb521431&#8243; overlay_color_type=\u00bbuncode-palette\u00bb css=\u00bb.vc_custom_1723354597175{border-top-width: 3px !important;border-right-width: 3px !important;border-bottom-width: 3px !important;border-left-width: 3px !important;}\u00bb border_color_type=\u00bbuncode-palette\u00bb][vc_column_text uncode_shortcode_id=\u00bb100788&#8243;]<strong>Abastecimiento global de hierro:<\/strong> Hemos expandido nuestras operaciones de importaci\u00f3n de mineral de hierro a Am\u00e9rica del Sur, centr\u00e1ndonos particularmente en el Puerto de Nuevo Palmira en Uruguay, que ha diversificado nuestra cartera de productos de mineral. Este abastecimiento estrat\u00e9gico no solo mejora la variedad de nuestros minerales importados, sino que tambi\u00e9n subraya nuestra dedicaci\u00f3n para satisfacer las diversas demandas del mercado.[\/vc_column_text][\/vc_column_inner][vc_column_inner column_width_percent=\u00bb100&#8243; gutter_size=\u00bb3&#8243; override_padding=\u00bbyes\u00bb column_padding=\u00bb2&#8243; overlay_color=\u00bbcolor-xsdn\u00bb overlay_alpha=\u00bb75&#8243; radius=\u00bblg\u00bb border_color=\u00bbcolor-159154&#8243; border_style=\u00bbsolid\u00bb shift_x=\u00bb0&#8243; shift_y=\u00bb0&#8243; shift_y_down=\u00bb0&#8243; z_index=\u00bb0&#8243; medium_width=\u00bb0&#8243; mobile_width=\u00bb0&#8243; width=\u00bb1\/3&#8243; uncode_shortcode_id=\u00bb116082&#8243; overlay_color_type=\u00bbuncode-palette\u00bb css=\u00bb.vc_custom_1723354628645{border-top-width: 3px !important;border-right-width: 3px !important;border-bottom-width: 3px !important;border-left-width: 3px !important;}\u00bb border_color_type=\u00bbuncode-palette\u00bb][vc_column_text uncode_shortcode_id=\u00bb105951&#8243;]<strong>La estrategia y la innovaci\u00f3n van de la mano:<\/strong> a trav\u00e9s de un dise\u00f1o estrat\u00e9gico cuidadosamente planificado y la expansi\u00f3n del negocio, hemos consolidado a\u00fan m\u00e1s nuestro liderazgo en la comercializaci\u00f3n tradicional de minerales. Al mismo tiempo, nuestra exploraci\u00f3n activa y pr\u00e1cticas innovadoras en las nuevas energ\u00edas, han demostrado el pensamiento progresista y la fuerza innovadora de la empresa. Estas medidas han sentado una base s\u00f3lida para el crecimiento continuo de la empresa y el establecimiento de un liderazgo en la industria.[\/vc_column_text][\/vc_column_inner][\/vc_row_inner][\/vc_column][\/vc_row]<\/p>\n<\/div>","protected":false},"excerpt":{"rendered":"<p>[vc_row row_height_percent=\u00bb50&#8243; back_image=\u00bb141207&#8243; back_position=\u00bbcenter center\u00bb kburns=\u00bbyes\u00bb overlay_color=\u00bbcolor-jevc\u00bb overlay_alpha=\u00bb30&#8243; gutter_size=\u00bb3&#8243; column_width_percent=\u00bb100&#8243; shift_y=\u00bb0&#8243; z_index=\u00bb0&#8243; uncode_shortcode_id=\u00bb111116&#8243; row_height_pixel=\u00bb300&#8243; overlay_color_type=\u00bbuncode-palette\u00bb][vc_column column_width_percent=\u00bb100&#8243; position_vertical=\u00bbmiddle\u00bb align_horizontal=\u00bbalign_center\u00bb gutter_size=\u00bb3&#8243; style=\u00bbdark\u00bb [&hellip;]<\/p>\n","protected":false},"author":1,"featured_media":0,"parent":0,"menu_order":0,"comment_status":"closed","ping_status":"closed","template":"","meta":{"footnotes":""},"class_list":["post-141743","page","type-page","status-publish","hentry"],"_links":{"self":[{"href":"https:\/\/raymy.hk\/es\/wp-json\/wp\/v2\/pages\/141743"}],"collection":[{"href":"https:\/\/raymy.hk\/es\/wp-json\/wp\/v2\/pages"}],"about":[{"href":"https:\/\/raymy.hk\/es\/wp-json\/wp\/v2\/types\/page"}],"author":[{"embeddable":true,"href":"https:\/\/raymy.hk\/es\/wp-json\/wp\/v2\/users\/1"}],"replies":[{"embeddable":true,"href":"https:\/\/raymy.hk\/es\/wp-json\/wp\/v2\/comments?post=141743"}],"version-history":[{"count":2,"href":"https:\/\/raymy.hk\/es\/wp-json\/wp\/v2\/pages\/141743\/revisions"}],"predecessor-version":[{"id":141745,"href":"https:\/\/raymy.hk\/es\/wp-json\/wp\/v2\/pages\/141743\/revisions\/141745"}],"wp:attachment":[{"href":"https:\/\/raymy.hk\/es\/wp-json\/wp\/v2\/media?parent=141743"}],"curies":[{"name":"wp","href":"https:\/\/api.w.org\/{rel}","templated":true}]}}