{"id":141739,"date":"2024-07-19T21:20:05","date_gmt":"2024-07-19T13:20:05","guid":{"rendered":"https:\/\/raymy.hk\/about-us\/"},"modified":"2024-09-02T21:17:47","modified_gmt":"2024-09-02T13:17:47","slug":"about-us","status":"publish","type":"page","link":"https:\/\/raymy.hk\/es\/about-us\/","title":{"rendered":"Sobre Nosotros"},"content":{"rendered":"<div class=\"wpb-content-wrapper\"><p>[vc_row row_height_percent=\u00bb50&#8243; back_image=\u00bb141168&#8243; back_position=\u00bbcenter center\u00bb kburns=\u00bbyes\u00bb overlay_color=\u00bbcolor-jevc\u00bb overlay_alpha=\u00bb30&#8243; gutter_size=\u00bb3&#8243; column_width_percent=\u00bb100&#8243; shift_y=\u00bb0&#8243; z_index=\u00bb0&#8243; uncode_shortcode_id=\u00bb940229&#8243; row_height_pixel=\u00bb300&#8243; overlay_color_type=\u00bbuncode-palette\u00bb][vc_column column_width_percent=\u00bb100&#8243; position_vertical=\u00bbmiddle\u00bb align_horizontal=\u00bbalign_center\u00bb gutter_size=\u00bb3&#8243; style=\u00bbdark\u00bb overlay_alpha=\u00bb50&#8243; shift_x=\u00bb0&#8243; shift_y=\u00bb0&#8243; shift_y_down=\u00bb0&#8243; z_index=\u00bb0&#8243; medium_width=\u00bb0&#8243; mobile_width=\u00bb0&#8243; width=\u00bb1\/1&#8243; uncode_shortcode_id=\u00bb146835&#8243;][vc_custom_heading auto_text=\u00bbyes\u00bb text_color=\u00bbcolor-xsdn\u00bb text_size=\u00bbfontsize-338686&#8243; text_weight=\u00bb700&#8243; css_animation=\u00bbalpha-anim\u00bb animation_speed=\u00bb1000&#8243; uncode_shortcode_id=\u00bb256800&#8243; text_color_type=\u00bbuncode-palette\u00bb]This is a custom heading element.[\/vc_custom_heading][\/vc_column][\/vc_row][vc_row row_height_percent=\u00bb0&#8243; override_padding=\u00bbyes\u00bb h_padding=\u00bb2&#8243; top_padding=\u00bb3&#8243; bottom_padding=\u00bb0&#8243; overlay_alpha=\u00bb50&#8243; equal_height=\u00bbyes\u00bb gutter_size=\u00bb3&#8243; column_width_percent=\u00bb100&#8243; shift_y=\u00bb0&#8243; z_index=\u00bb0&#8243; uncode_shortcode_id=\u00bb184980&#8243;][vc_column column_width_percent=\u00bb100&#8243; position_vertical=\u00bbmiddle\u00bb align_horizontal=\u00bbalign_center\u00bb gutter_size=\u00bb3&#8243; back_image=\u00bb141110&#8243; back_position=\u00bbleft bottom\u00bb overlay_alpha=\u00bb50&#8243; shift_x=\u00bb0&#8243; shift_y=\u00bb0&#8243; shift_y_down=\u00bb0&#8243; z_index=\u00bb0&#8243; medium_width=\u00bb0&#8243; mobile_width=\u00bb0&#8243; width=\u00bb2\/3&#8243; uncode_shortcode_id=\u00bb192169&#8243; back_size=\u00bb300px 220px\u00bb][vc_custom_heading heading_semantic=\u00bbh1&#8243; text_size=\u00bbh1&#8243; separator=\u00bbyes\u00bb uncode_shortcode_id=\u00bb930041&#8243; el_class=\u00bbseparator-color\u00bb]Perfil de la Empresa[\/vc_custom_heading][vc_column_text uncode_shortcode_id=\u00bb178949&#8243;]Raymy Trade Limited se especializa en la importaci\u00f3n y exportaci\u00f3n de productos a granel, incluidos minerales met\u00e1licos, minerales no met\u00e1licos y acero. Con nuestra amplia experiencia en la industria y profundo conocimiento profesional, ofrecemos soluciones comerciales integrales y completas para satisfacer eficazmente las diversas necesidades de nuestros clientes.[\/vc_column_text][\/vc_column][vc_column width=\u00bb1\/3&#8243;][vc_single_image media=\u00bb141174&#8243; media_width_percent=\u00bb100&#8243; media_ratio=\u00bbone-one\u00bb alignment=\u00bbcenter\u00bb shape=\u00bbimg-circle\u00bb uncode_shortcode_id=\u00bb789735&#8243;][vc_empty_space][\/vc_column][\/vc_row][vc_row row_height_percent=\u00bb0&#8243; override_padding=\u00bbyes\u00bb h_padding=\u00bb2&#8243; top_padding=\u00bb3&#8243; bottom_padding=\u00bb3&#8243; back_color=\u00bbcolor-lxmt\u00bb overlay_alpha=\u00bb50&#8243; gutter_size=\u00bb3&#8243; column_width_percent=\u00bb100&#8243; shift_y=\u00bb0&#8243; z_index=\u00bb0&#8243; uncode_shortcode_id=\u00bb445661&#8243; back_color_type=\u00bbuncode-palette\u00bb][vc_column column_width_percent=\u00bb100&#8243; align_horizontal=\u00bbalign_center\u00bb gutter_size=\u00bb3&#8243; overlay_alpha=\u00bb50&#8243; shift_x=\u00bb0&#8243; shift_y=\u00bb0&#8243; shift_y_down=\u00bb0&#8243; z_index=\u00bb0&#8243; medium_width=\u00bb0&#8243; mobile_width=\u00bb0&#8243; width=\u00bb1\/1&#8243; uncode_shortcode_id=\u00bb182283&#8243;][vc_custom_heading heading_semantic=\u00bbh1&#8243; text_size=\u00bbh1&#8243; separator=\u00bbyes\u00bb uncode_shortcode_id=\u00bb109488&#8243; el_class=\u00bbseparator-color\u00bb]Nuestro Negocio[\/vc_custom_heading][vc_empty_space empty_h=\u00bb1&#8243;][vc_row_inner][vc_column_inner column_width_percent=\u00bb100&#8243; align_horizontal=\u00bbalign_center\u00bb gutter_size=\u00bb3&#8243; overlay_alpha=\u00bb50&#8243; shift_x=\u00bb0&#8243; shift_y=\u00bb0&#8243; shift_y_down=\u00bb0&#8243; z_index=\u00bb0&#8243; medium_width=\u00bb0&#8243; mobile_width=\u00bb0&#8243; width=\u00bb1\/4&#8243; uncode_shortcode_id=\u00bb124902&#8243;][vc_icon icon=\u00bbfa fa-bar-chart\u00bb icon_color=\u00bbcolor-886995&#8243; size=\u00bbfa-3x\u00bb uncode_shortcode_id=\u00bb105903&#8243; icon_color_type=\u00bbuncode-palette\u00bb][\/vc_icon][vc_column_text uncode_shortcode_id=\u00bb367297&#8243;]<\/p>\n<h4>Integraci\u00f3n Global de Recursos<\/h4>\n<p>A trav\u00e9s de nuestra extensa red de negocio global, garantizamos que nuestros clientes tengan acceso a recursos de alta calidad en todo el mundo, satisfaciendo sus diversas necesidades de mercado con una cobertura integral y una asignaci\u00f3n \u00f3ptima de recursos.[\/vc_column_text][\/vc_column_inner][vc_column_inner column_width_percent=\u00bb100&#8243; align_horizontal=\u00bbalign_center\u00bb gutter_size=\u00bb3&#8243; overlay_alpha=\u00bb50&#8243; shift_x=\u00bb0&#8243; shift_y=\u00bb0&#8243; shift_y_down=\u00bb0&#8243; z_index=\u00bb0&#8243; medium_width=\u00bb0&#8243; mobile_width=\u00bb0&#8243; width=\u00bb1\/4&#8243; uncode_shortcode_id=\u00bb801493&#8243;][vc_icon icon=\u00bbfa fa-group2&#8243; icon_color=\u00bbcolor-886995&#8243; size=\u00bbfa-3x\u00bb uncode_shortcode_id=\u00bb187052&#8243; icon_color_type=\u00bbuncode-palette\u00bb][\/vc_icon][vc_column_text uncode_shortcode_id=\u00bb123938&#8243;]<\/p>\n<h4>Perspectiva Profesional<\/h4>\n<p>Nuestro equipo est\u00e1 compuesto por expertos senior de la industria que poseen una profunda comprensi\u00f3n e intuici\u00f3n aguda de las din\u00e1micas del mercado. Ofrecemos un an\u00e1lisis de mercado preciso y consultor\u00eda comercial experta, brindando un s\u00f3lido apoyo de datos y asesoramiento profesional para las decisiones estrat\u00e9gicas de nuestros clientes. [\/vc_column_text][\/vc_column_inner][vc_column_inner column_width_percent=\u00bb100&#8243; align_horizontal=\u00bbalign_center\u00bb gutter_size=\u00bb3&#8243; overlay_alpha=\u00bb50&#8243; shift_x=\u00bb0&#8243; shift_y=\u00bb0&#8243; shift_y_down=\u00bb0&#8243; z_index=\u00bb0&#8243; medium_width=\u00bb0&#8243; mobile_width=\u00bb0&#8243; width=\u00bb1\/4&#8243; uncode_shortcode_id=\u00bb114613&#8243;][vc_icon icon=\u00bbfa fa-flag\u00bb icon_color=\u00bbcolor-886995&#8243; size=\u00bbfa-3x\u00bb uncode_shortcode_id=\u00bb392064&#8243; icon_color_type=\u00bbuncode-palette\u00bb][\/vc_icon][vc_column_text uncode_shortcode_id=\u00bb152024&#8243;]<\/p>\n<h4>Compromiso con un Servicio Eficiente<\/h4>\n<p>Priorizamos procesos de servicio eficientes y transparentes para asegurar una ejecuci\u00f3n r\u00e1pida y fluida de las transacciones, minimizando las cargas operativas y los posibles riesgos para nuestros clientes.[\/vc_column_text][\/vc_column_inner][vc_column_inner column_width_percent=\u00bb100&#8243; align_horizontal=\u00bbalign_center\u00bb gutter_size=\u00bb3&#8243; overlay_alpha=\u00bb50&#8243; shift_x=\u00bb0&#8243; shift_y=\u00bb0&#8243; shift_y_down=\u00bb0&#8243; z_index=\u00bb0&#8243; medium_width=\u00bb0&#8243; mobile_width=\u00bb0&#8243; width=\u00bb1\/4&#8243; uncode_shortcode_id=\u00bb133523&#8243;][vc_icon icon=\u00bbfa fa-signal\u00bb icon_color=\u00bbcolor-886995&#8243; size=\u00bbfa-3x\u00bb uncode_shortcode_id=\u00bb555696&#8243; icon_color_type=\u00bbuncode-palette\u00bb][\/vc_icon][vc_column_text uncode_shortcode_id=\u00bb753097&#8243;]<\/p>\n<h4>Filosof\u00eda Orientada al Cliente<\/h4>\n<p>Estamos dedicados a ayudarlos a alcanzar sus objetivos comerciales a trav\u00e9s de soluciones personalizadas que generen un valor duradero.[\/vc_column_text][\/vc_column_inner][\/vc_row_inner][\/vc_column][\/vc_row][vc_row row_height_percent=\u00bb0&#8243; override_padding=\u00bbyes\u00bb h_padding=\u00bb2&#8243; top_padding=\u00bb0&#8243; bottom_padding=\u00bb3&#8243; overlay_alpha=\u00bb50&#8243; equal_height=\u00bbyes\u00bb gutter_size=\u00bb3&#8243; column_width_percent=\u00bb100&#8243; shift_y=\u00bb0&#8243; z_index=\u00bb0&#8243; desktop_visibility=\u00bbyes\u00bb medium_visibility=\u00bbyes\u00bb mobile_visibility=\u00bbyes\u00bb uncode_shortcode_id=\u00bb294141&#8243;][vc_column column_width_percent=\u00bb100&#8243; position_vertical=\u00bbmiddle\u00bb align_horizontal=\u00bbalign_center\u00bb gutter_size=\u00bb3&#8243; back_image=\u00bb141136&#8243; back_repeat=\u00bbno-repeat\u00bb back_position=\u00bbright top\u00bb overlay_alpha=\u00bb50&#8243; shift_x=\u00bb0&#8243; shift_y=\u00bb0&#8243; shift_y_down=\u00bb0&#8243; z_index=\u00bb0&#8243; medium_width=\u00bb0&#8243; mobile_width=\u00bb0&#8243; width=\u00bb2\/3&#8243; uncode_shortcode_id=\u00bb683707&#8243; back_size=\u00bb300px 220px\u00bb][vc_custom_heading heading_semantic=\u00bbh1&#8243; text_size=\u00bbh1&#8243; separator=\u00bbyes\u00bb uncode_shortcode_id=\u00bb152508&#8243; el_class=\u00bbseparator-color\u00bb]Management[\/vc_custom_heading][vc_column_text uncode_shortcode_id=\u00bb101365&#8243;]We are committed to leveraging our strengths to import high-quality global resources into the domestic market, meeting the strategic needs of the country&#8217;s high-quality development. In addition, we actively explore and introduce new energy-related resources to support the nation&#8217;s low-carbon development goals and the transition to a green economy.[\/vc_column_text][\/vc_column][vc_column width=\u00bb1\/3&#8243;][vc_empty_space][vc_single_image media=\u00bb141180&#8243; media_width_percent=\u00bb100&#8243; media_ratio=\u00bbone-one\u00bb alignment=\u00bbcenter\u00bb shape=\u00bbimg-circle\u00bb uncode_shortcode_id=\u00bb177585&#8243;][\/vc_column][\/vc_row][vc_row row_height_percent=\u00bb0&#8243; override_padding=\u00bbyes\u00bb h_padding=\u00bb2&#8243; top_padding=\u00bb4&#8243; bottom_padding=\u00bb4&#8243; back_color=\u00bbcolor-lxmt\u00bb back_image=\u00bb141182&#8243; overlay_color=\u00bbcolor-159154&#8243; overlay_alpha=\u00bb80&#8243; equal_height=\u00bbyes\u00bb gutter_size=\u00bb3&#8243; column_width_percent=\u00bb100&#8243; shift_y=\u00bb0&#8243; z_index=\u00bb0&#8243; uncode_shortcode_id=\u00bb139141&#8243; back_color_type=\u00bbuncode-palette\u00bb overlay_color_type=\u00bbuncode-palette\u00bb][vc_column column_width_percent=\u00bb100&#8243; position_vertical=\u00bbmiddle\u00bb align_horizontal=\u00bbalign_center\u00bb gutter_size=\u00bb3&#8243; style=\u00bbdark\u00bb overlay_alpha=\u00bb50&#8243; shift_x=\u00bb0&#8243; shift_y=\u00bb0&#8243; shift_y_down=\u00bb0&#8243; z_index=\u00bb0&#8243; medium_width=\u00bb0&#8243; mobile_width=\u00bb0&#8243; width=\u00bb1\/1&#8243; uncode_shortcode_id=\u00bb488816&#8243;][vc_custom_heading heading_semantic=\u00bbh1&#8243; text_size=\u00bbh1&#8243; separator=\u00bbyes\u00bb uncode_shortcode_id=\u00bb136022&#8243;]Dise\u00f1o global[\/vc_custom_heading][vc_row_inner row_inner_height_percent=\u00bb0&#8243; overlay_alpha=\u00bb50&#8243; equal_height=\u00bbyes\u00bb gutter_size=\u00bb3&#8243; shift_y=\u00bb0&#8243; z_index=\u00bb0&#8243; uncode_shortcode_id=\u00bb894793&#8243;][vc_column_inner column_width_percent=\u00bb100&#8243; gutter_size=\u00bb3&#8243; override_padding=\u00bbyes\u00bb column_padding=\u00bb2&#8243; overlay_color=\u00bbcolor-xsdn\u00bb overlay_alpha=\u00bb75&#8243; radius=\u00bblg\u00bb border_color=\u00bbcolor-159154&#8243; border_style=\u00bbsolid\u00bb shift_x=\u00bb0&#8243; shift_y=\u00bb0&#8243; shift_y_down=\u00bb0&#8243; z_index=\u00bb0&#8243; medium_width=\u00bb0&#8243; mobile_width=\u00bb0&#8243; width=\u00bb1\/3&#8243; uncode_shortcode_id=\u00bb105768&#8243; overlay_color_type=\u00bbuncode-palette\u00bb css=\u00bb.vc_custom_1723354584235{border-top-width: 3px !important;border-right-width: 3px !important;border-bottom-width: 3px !important;border-left-width: 3px !important;}\u00bb border_color_type=\u00bbuncode-palette\u00bb][vc_column_text uncode_shortcode_id=\u00bb213125&#8243;]<strong>Suministro estable y utilizaci\u00f3n eficiente de recursos:<\/strong> Desde la fundaci\u00f3n de nuestra empresa, hemos expandido diligentemente nuestro negocio de importaci\u00f3n de minerales, estableciendo un v\u00ednculo comercial robusto entre los recursos minerales globales y el mercado chino. Este puente estrat\u00e9gico tiene como objetivo optimizar el flujo de recursos y satisfacer la creciente demanda de productos de alta calidad.[\/vc_column_text][\/vc_column_inner][vc_column_inner column_width_percent=\u00bb100&#8243; gutter_size=\u00bb3&#8243; override_padding=\u00bbyes\u00bb column_padding=\u00bb2&#8243; overlay_color=\u00bbcolor-xsdn\u00bb overlay_alpha=\u00bb75&#8243; radius=\u00bblg\u00bb border_color=\u00bbcolor-159154&#8243; border_style=\u00bbsolid\u00bb shift_x=\u00bb0&#8243; shift_y=\u00bb0&#8243; shift_y_down=\u00bb0&#8243; z_index=\u00bb0&#8243; medium_width=\u00bb0&#8243; mobile_width=\u00bb0&#8243; width=\u00bb1\/3&#8243; uncode_shortcode_id=\u00bb521431&#8243; overlay_color_type=\u00bbuncode-palette\u00bb css=\u00bb.vc_custom_1723354597175{border-top-width: 3px !important;border-right-width: 3px !important;border-bottom-width: 3px !important;border-left-width: 3px !important;}\u00bb border_color_type=\u00bbuncode-palette\u00bb][vc_column_text uncode_shortcode_id=\u00bb142739&#8243;]<strong>\u00c1mbito de Negocio:<\/strong> Abastecemos una diversa gama de recursos minerales, abarcando desde Costa de Marfil y Ghana en \u00c1frica Occidental hasta Brasil y Venezuela en Sudam\u00e9rica. Nuestra especializaci\u00f3n radica en la importaci\u00f3n de minerales, como bauxita, concentrado de esta\u00f1o, manganeso y cobre. Comprometidos con satisfacer las diversas necesidades de las industrias, ofrecemos soluciones personalizadas en la cadena de suministro para asegurar un abasto confiable de recursos y una utilizaci\u00f3n eficiente de los mismos.[\/vc_column_text][\/vc_column_inner][vc_column_inner column_width_percent=\u00bb100&#8243; gutter_size=\u00bb3&#8243; override_padding=\u00bbyes\u00bb column_padding=\u00bb2&#8243; overlay_color=\u00bbcolor-xsdn\u00bb overlay_alpha=\u00bb75&#8243; radius=\u00bblg\u00bb border_color=\u00bbcolor-159154&#8243; border_style=\u00bbsolid\u00bb shift_x=\u00bb0&#8243; shift_y=\u00bb0&#8243; shift_y_down=\u00bb0&#8243; z_index=\u00bb0&#8243; medium_width=\u00bb0&#8243; mobile_width=\u00bb0&#8243; width=\u00bb1\/3&#8243; uncode_shortcode_id=\u00bb116082&#8243; overlay_color_type=\u00bbuncode-palette\u00bb css=\u00bb.vc_custom_1723354628645{border-top-width: 3px !important;border-right-width: 3px !important;border-bottom-width: 3px !important;border-left-width: 3px !important;}\u00bb border_color_type=\u00bbuncode-palette\u00bb][vc_column_text uncode_shortcode_id=\u00bb128676&#8243;]<strong>Optimizaci\u00f3n del proceso de importaci\u00f3n:<\/strong> Implementamos procedimientos de importaci\u00f3n eficientes y profesionales para garantizar un r\u00e1pido despacho aduanero y una entrega sin problemas de minerales a puertos clave como Qinzhou en Guangxi, Tianjin y Huangpu en Guangzhou. Nuestras operaciones de ventas se realizan directamente a f\u00e1bricas terminales nacionales en RMB, incluyendo impuestos. Este enfoque nos permite ofrecer servicios integrales y eficientes que satisfacen las demandas de nuestros clientes con una cadena de suministro optimizada.[\/vc_column_text][\/vc_column_inner][\/vc_row_inner][vc_row_inner row_inner_height_percent=\u00bb0&#8243; overlay_alpha=\u00bb50&#8243; equal_height=\u00bbyes\u00bb gutter_size=\u00bb3&#8243; shift_y=\u00bb0&#8243; z_index=\u00bb0&#8243; uncode_shortcode_id=\u00bb894793&#8243;][vc_column_inner column_width_percent=\u00bb100&#8243; gutter_size=\u00bb3&#8243; override_padding=\u00bbyes\u00bb column_padding=\u00bb2&#8243; overlay_color=\u00bbcolor-xsdn\u00bb overlay_alpha=\u00bb75&#8243; radius=\u00bblg\u00bb border_color=\u00bbcolor-159154&#8243; border_style=\u00bbsolid\u00bb shift_x=\u00bb0&#8243; shift_y=\u00bb0&#8243; shift_y_down=\u00bb0&#8243; z_index=\u00bb0&#8243; medium_width=\u00bb0&#8243; mobile_width=\u00bb0&#8243; width=\u00bb1\/3&#8243; uncode_shortcode_id=\u00bb105768&#8243; overlay_color_type=\u00bbuncode-palette\u00bb css=\u00bb.vc_custom_1723354584235{border-top-width: 3px !important;border-right-width: 3px !important;border-bottom-width: 3px !important;border-left-width: 3px !important;}\u00bb border_color_type=\u00bbuncode-palette\u00bb][vc_column_text uncode_shortcode_id=\u00bb108111&#8243;]<strong>Plan de Desarrollo Estrat\u00e9gico:<\/strong> Aprovechando nuestra s\u00f3lida base en el negocio de importaci\u00f3n, participamos activamente en la iniciativa \u00abLa Franja y la Ruta\u00bb, aprovechando nuestra amplia experiencia y ventajas en el comercio internacional para expandirnos en mercados extranjeros. Invertimos y adquirimos en \u00e1reas mineras de pa\u00edses y regiones en desarrollo, optimizando continuamente nuestra cadena de suministro para fortalecer la competitividad internacional de las empresas. Nuestro objetivo es establecer una red integral de recursos.[\/vc_column_text][\/vc_column_inner][vc_column_inner column_width_percent=\u00bb100&#8243; gutter_size=\u00bb3&#8243; override_padding=\u00bbyes\u00bb column_padding=\u00bb2&#8243; overlay_color=\u00bbcolor-xsdn\u00bb overlay_alpha=\u00bb75&#8243; radius=\u00bblg\u00bb border_color=\u00bbcolor-159154&#8243; border_style=\u00bbsolid\u00bb shift_x=\u00bb0&#8243; shift_y=\u00bb0&#8243; shift_y_down=\u00bb0&#8243; z_index=\u00bb0&#8243; medium_width=\u00bb0&#8243; mobile_width=\u00bb0&#8243; width=\u00bb1\/3&#8243; uncode_shortcode_id=\u00bb521431&#8243; overlay_color_type=\u00bbuncode-palette\u00bb css=\u00bb.vc_custom_1723354597175{border-top-width: 3px !important;border-right-width: 3px !important;border-bottom-width: 3px !important;border-left-width: 3px !important;}\u00bb border_color_type=\u00bbuncode-palette\u00bb][vc_column_text uncode_shortcode_id=\u00bb760439&#8243;]<strong>Visi\u00f3n:<\/strong> Nuestra visi\u00f3n es establecer nuestra empresa como un l\u00edder destacado en el comercio de minerales tanto a nivel nacional como internacional mediante la innovaci\u00f3n continua en los negocios y la expansi\u00f3n del mercado. Nuestro objetivo es ofrecer productos y servicios de mayor calidad y m\u00e1s competitivos a nuestros clientes, al mismo tiempo que facilitamos la asignaci\u00f3n eficiente de los recursos globales y contribuimos a los objetivos de desarrollo sostenible.[\/vc_column_text][\/vc_column_inner][vc_column_inner column_width_percent=\u00bb100&#8243; gutter_size=\u00bb3&#8243; override_padding=\u00bbyes\u00bb column_padding=\u00bb2&#8243; overlay_color=\u00bbcolor-xsdn\u00bb overlay_alpha=\u00bb75&#8243; radius=\u00bblg\u00bb border_color=\u00bbcolor-159154&#8243; border_style=\u00bbsolid\u00bb shift_x=\u00bb0&#8243; shift_y=\u00bb0&#8243; shift_y_down=\u00bb0&#8243; z_index=\u00bb0&#8243; medium_width=\u00bb0&#8243; mobile_width=\u00bb0&#8243; width=\u00bb1\/3&#8243; uncode_shortcode_id=\u00bb116082&#8243; overlay_color_type=\u00bbuncode-palette\u00bb css=\u00bb.vc_custom_1723354628645{border-top-width: 3px !important;border-right-width: 3px !important;border-bottom-width: 3px !important;border-left-width: 3px !important;}\u00bb border_color_type=\u00bbuncode-palette\u00bb][vc_column_text uncode_shortcode_id=\u00bb881017&#8243;]<strong>Visi\u00f3n de Desarrollo:<\/strong> Nuestro compromiso es elevar nuestra empresa a ser un l\u00edder reconocido en el comercio de minerales tanto a nivel nacional como internacional, mediante la continua innovaci\u00f3n empresarial y la expansi\u00f3n del mercado. Nuestro objetivo es ofrecer a los clientes productos y servicios competitivos y de alta calidad, al mismo tiempo que promovemos la asignaci\u00f3n eficiente de recursos globales y contribuimos a la realizaci\u00f3n de los objetivos de desarrollo sostenible.[\/vc_column_text][\/vc_column_inner][\/vc_row_inner][\/vc_column][\/vc_row]<\/p>\n<\/div>","protected":false},"excerpt":{"rendered":"<p>[vc_row row_height_percent=\u00bb50&#8243; back_image=\u00bb141168&#8243; back_position=\u00bbcenter center\u00bb kburns=\u00bbyes\u00bb overlay_color=\u00bbcolor-jevc\u00bb overlay_alpha=\u00bb30&#8243; gutter_size=\u00bb3&#8243; column_width_percent=\u00bb100&#8243; shift_y=\u00bb0&#8243; z_index=\u00bb0&#8243; uncode_shortcode_id=\u00bb940229&#8243; row_height_pixel=\u00bb300&#8243; overlay_color_type=\u00bbuncode-palette\u00bb][vc_column column_width_percent=\u00bb100&#8243; position_vertical=\u00bbmiddle\u00bb align_horizontal=\u00bbalign_center\u00bb gutter_size=\u00bb3&#8243; style=\u00bbdark\u00bb [&hellip;]<\/p>\n","protected":false},"author":1,"featured_media":0,"parent":0,"menu_order":0,"comment_status":"closed","ping_status":"closed","template":"","meta":{"footnotes":""},"class_list":["post-141739","page","type-page","status-publish","hentry"],"_links":{"self":[{"href":"https:\/\/raymy.hk\/es\/wp-json\/wp\/v2\/pages\/141739"}],"collection":[{"href":"https:\/\/raymy.hk\/es\/wp-json\/wp\/v2\/pages"}],"about":[{"href":"https:\/\/raymy.hk\/es\/wp-json\/wp\/v2\/types\/page"}],"author":[{"embeddable":true,"href":"https:\/\/raymy.hk\/es\/wp-json\/wp\/v2\/users\/1"}],"replies":[{"embeddable":true,"href":"https:\/\/raymy.hk\/es\/wp-json\/wp\/v2\/comments?post=141739"}],"version-history":[{"count":4,"href":"https:\/\/raymy.hk\/es\/wp-json\/wp\/v2\/pages\/141739\/revisions"}],"predecessor-version":[{"id":141749,"href":"https:\/\/raymy.hk\/es\/wp-json\/wp\/v2\/pages\/141739\/revisions\/141749"}],"wp:attachment":[{"href":"https:\/\/raymy.hk\/es\/wp-json\/wp\/v2\/media?parent=141739"}],"curies":[{"name":"wp","href":"https:\/\/api.w.org\/{rel}","templated":true}]}}