{"id":141734,"date":"2024-07-19T21:20:44","date_gmt":"2024-07-19T13:20:44","guid":{"rendered":"https:\/\/raymy.hk\/service\/"},"modified":"2024-09-02T20:41:51","modified_gmt":"2024-09-02T12:41:51","slug":"service","status":"publish","type":"page","link":"https:\/\/raymy.hk\/es\/service\/","title":{"rendered":"Servicio"},"content":{"rendered":"<div class=\"wpb-content-wrapper\"><p>[vc_row row_height_percent=\u00bb50&#8243; back_image=\u00bb141229&#8243; back_position=\u00bbcenter center\u00bb kburns=\u00bbyes\u00bb overlay_color=\u00bbcolor-jevc\u00bb overlay_alpha=\u00bb30&#8243; gutter_size=\u00bb3&#8243; column_width_percent=\u00bb100&#8243; shift_y=\u00bb0&#8243; z_index=\u00bb0&#8243; uncode_shortcode_id=\u00bb469893&#8243; row_height_pixel=\u00bb300&#8243; overlay_color_type=\u00bbuncode-palette\u00bb][vc_column column_width_percent=\u00bb100&#8243; position_vertical=\u00bbmiddle\u00bb align_horizontal=\u00bbalign_center\u00bb gutter_size=\u00bb3&#8243; style=\u00bbdark\u00bb overlay_alpha=\u00bb50&#8243; shift_x=\u00bb0&#8243; shift_y=\u00bb0&#8243; shift_y_down=\u00bb0&#8243; z_index=\u00bb0&#8243; medium_width=\u00bb0&#8243; mobile_width=\u00bb0&#8243; width=\u00bb1\/1&#8243; uncode_shortcode_id=\u00bb146835&#8243;][vc_custom_heading auto_text=\u00bbyes\u00bb text_color=\u00bbcolor-xsdn\u00bb text_size=\u00bbfontsize-338686&#8243; text_weight=\u00bb700&#8243; css_animation=\u00bbalpha-anim\u00bb animation_speed=\u00bb1000&#8243; uncode_shortcode_id=\u00bb256800&#8243; text_color_type=\u00bbuncode-palette\u00bb]This is a custom heading element.[\/vc_custom_heading][\/vc_column][\/vc_row][vc_row row_height_percent=\u00bb0&#8243; override_padding=\u00bbyes\u00bb h_padding=\u00bb2&#8243; top_padding=\u00bb0&#8243; bottom_padding=\u00bb0&#8243; overlay_alpha=\u00bb50&#8243; equal_height=\u00bbyes\u00bb gutter_size=\u00bb3&#8243; column_width_percent=\u00bb100&#8243; shift_y=\u00bb0&#8243; z_index=\u00bb0&#8243; uncode_shortcode_id=\u00bb146233&#8243;][vc_column column_width_percent=\u00bb100&#8243; position_vertical=\u00bbmiddle\u00bb align_horizontal=\u00bbalign_center\u00bb gutter_size=\u00bb3&#8243; back_image=\u00bb141110&#8243; back_position=\u00bbleft bottom\u00bb overlay_alpha=\u00bb50&#8243; shift_x=\u00bb0&#8243; shift_y=\u00bb0&#8243; shift_y_down=\u00bb0&#8243; z_index=\u00bb0&#8243; medium_width=\u00bb0&#8243; mobile_width=\u00bb0&#8243; width=\u00bb2\/3&#8243; uncode_shortcode_id=\u00bb520010&#8243; back_size=\u00bb300px 220px\u00bb][vc_column_text uncode_shortcode_id=\u00bb518494&#8243;]Tras la creaci\u00f3n de la empresa, hemos llevado a cabo negocios de importaci\u00f3n de muchos tipos de minerales: mineral de bauxita, concentrado de esta\u00f1o, mineral de manganeso y mineral de cobre de pa\u00edses como Costa de Marfil y Ghana en \u00c1frica Occidental, Brasil y Venezuela en Sudam\u00e9rica, etc. Realizamos el despacho de importaci\u00f3n de minerales en los puertos de Qinzhou en Guangxi, Tianjin y Huangpu en Guangzhou, y los vendemos a las f\u00e1bricas terminales nacionales en RMB con impuestos. Sobre la base del negocio de importaci\u00f3n, respondemos activamente a la estrategia nacional de la Franja y la Ruta y aprovechamos nuestras propias ventajas para desarrollar activamente la inversi\u00f3n minera y el negocio de adquisiciones en pa\u00edses y regiones en desarrollo de ultramar.[\/vc_column_text][\/vc_column][vc_column column_width_percent=\u00bb100&#8243; gutter_size=\u00bb3&#8243; override_padding=\u00bbyes\u00bb column_padding=\u00bb2&#8243; overlay_alpha=\u00bb50&#8243; shift_x=\u00bb0&#8243; shift_y=\u00bb0&#8243; shift_y_down=\u00bb0&#8243; z_index=\u00bb0&#8243; medium_width=\u00bb0&#8243; mobile_width=\u00bb0&#8243; width=\u00bb1\/3&#8243; uncode_shortcode_id=\u00bb155422&#8243;][vc_single_image media=\u00bb141369&#8243; media_width_percent=\u00bb90&#8243; media_ratio=\u00bbone-one\u00bb alignment=\u00bbcenter\u00bb shape=\u00bbimg-circle\u00bb border=\u00bbyes\u00bb shadow=\u00bbyes\u00bb shadow_weight=\u00bbstd\u00bb uncode_shortcode_id=\u00bb136142&#8243;][\/vc_column][\/vc_row][vc_row row_height_percent=\u00bb0&#8243; override_padding=\u00bbyes\u00bb h_padding=\u00bb2&#8243; top_padding=\u00bb3&#8243; bottom_padding=\u00bb3&#8243; back_color=\u00bbcolor-lxmt\u00bb overlay_alpha=\u00bb50&#8243; equal_height=\u00bbyes\u00bb gutter_size=\u00bb2&#8243; column_width_percent=\u00bb100&#8243; shift_y=\u00bb0&#8243; z_index=\u00bb0&#8243; uncode_shortcode_id=\u00bb196051&#8243; back_color_type=\u00bbuncode-palette\u00bb][vc_column column_width_percent=\u00bb100&#8243; gutter_size=\u00bb3&#8243; overlay_alpha=\u00bb50&#8243; shift_x=\u00bb0&#8243; shift_y=\u00bb0&#8243; shift_y_down=\u00bb0&#8243; z_index=\u00bb0&#8243; medium_width=\u00bb0&#8243; mobile_width=\u00bb0&#8243; width=\u00bb1\/1&#8243; uncode_shortcode_id=\u00bb205352&#8243;][vc_custom_heading text_size=\u00bb\u00bb uncode_shortcode_id=\u00bb188223&#8243;]Mineral de Tungsteno &amp; Mineral de Hierro[\/vc_custom_heading][vc_column_text uncode_shortcode_id=\u00bb156358&#8243;]Bolivia ocupa una posici\u00f3n significativa en el sector global de recursos de antimonio y tungsteno. Seg\u00fan datos del Servicio Geol\u00f3gico de Estados Unidos (USGS) en 2018, las reservas de antimonio de Bolivia ascienden aproximadamente a 310,000 toneladas, lo que representa el 21% del total global, convirti\u00e9ndola en el tercer pa\u00eds con m\u00e1s recursos de antimonio en el mundo. Los recursos de antimonio en Bolivia se encuentran principalmente en las fajas mineras de las regiones occidentales como La Paz-Potos\u00ed, con la mina Chilcobija siendo el principal productor de antimonio.<\/p>\n<p>Adem\u00e1s del antimonio, Bolivia tambi\u00e9n es rica en recursos de tungsteno, especialmente en la parte sur del pa\u00eds. La mina Huanuni es la mina de tungsteno m\u00e1s grande de Bolivia y contribuye sustancialmente a la producci\u00f3n de tungsteno del pa\u00eds. El tungsteno, un metal importante con una amplia gama de aplicaciones en diversas industrias, incluyendo la fabricaci\u00f3n, la aeron\u00e1utica y la defensa, es indispensable.<\/p>\n<p>En este contexto, nuestra empresa ha formado una alianza para desarrollar minas de tungsteno y antimonio en Bolivia, expandiendo as\u00ed nuestro portafolio de recursos minerales. Este movimiento estrat\u00e9gico no solo fortalece nuestra presencia global en el sector de recursos minerales, sino que tambi\u00e9n diversifica efectivamente nuestras posesiones de recursos minerales. Al participar en esta iniciativa, nuestra empresa est\u00e1 contribuyendo activamente en la cadena de suministro de recursos minerales globales, comprometida con el desarrollo sostenible y el uso de los recursos, y satisfaciendo la creciente demanda del mercado global por estos metales cr\u00edticos.[\/vc_column_text][vc_gallery el_id=\u00bbgallery-49408100&#8243; type=\u00bbcarousel\u00bb medias=\u00bb141345,141347,141348,141349&#8243; carousel_lg=\u00bb3&#8243; carousel_md=\u00bb3&#8243; carousel_sm=\u00bb1&#8243; thumb_size=\u00bbfour-three\u00bb gutter_size=\u00bb3&#8243; media_items=\u00bbmedia|lightbox|original\u00bb carousel_interval=\u00bb3000&#8243; carousel_navspeed=\u00bb400&#8243; carousel_loop=\u00bbyes\u00bb carousel_nav=\u00bbyes\u00bb carousel_nav_mobile=\u00bbyes\u00bb stage_padding=\u00bb0&#8243; single_overlay_opacity=\u00bb50&#8243; single_padding=\u00bb2&#8243; uncode_shortcode_id=\u00bb345809&#8243;][\/vc_column][\/vc_row][vc_row row_height_percent=\u00bb0&#8243; override_padding=\u00bbyes\u00bb h_padding=\u00bb2&#8243; top_padding=\u00bb3&#8243; bottom_padding=\u00bb3&#8243; overlay_color=\u00bbcolor-159154&#8243; overlay_alpha=\u00bb10&#8243; equal_height=\u00bbyes\u00bb gutter_size=\u00bb0&#8243; column_width_percent=\u00bb100&#8243; shift_y=\u00bb0&#8243; z_index=\u00bb0&#8243; uncode_shortcode_id=\u00bb537759&#8243; overlay_color_type=\u00bbuncode-palette\u00bb][vc_column column_width_percent=\u00bb100&#8243; position_vertical=\u00bbmiddle\u00bb gutter_size=\u00bb3&#8243; overlay_alpha=\u00bb50&#8243; shift_x=\u00bb0&#8243; shift_y=\u00bb0&#8243; shift_y_down=\u00bb0&#8243; z_index=\u00bb0&#8243; medium_width=\u00bb0&#8243; mobile_width=\u00bb0&#8243; width=\u00bb1\/1&#8243; uncode_shortcode_id=\u00bb235916&#8243;][vc_custom_heading text_size=\u00bb\u00bb uncode_shortcode_id=\u00bb100585&#8243;]Mineral de esta\u00f1o en Brasil[\/vc_custom_heading][vc_column_text uncode_shortcode_id=\u00bb112975&#8243;]Brasil: Un pa\u00eds geogr\u00e1ficamente diverso, culturalmente rico y econ\u00f3micamente din\u00e1mico, reconocido por sus abundantes recursos naturales. Es un importante proveedor mundial de minerales, petr\u00f3leo, gas y productos agr\u00edcolas. Brasil desempe\u00f1a un papel fundamental en la producci\u00f3n y exportaci\u00f3n internacional de hierro, oro y otros minerales. Su crecimiento econ\u00f3mico sostenido y su expansi\u00f3n continua aportan una vitalidad y un impulso significativos al mercado global.[\/vc_column_text][vc_column_text uncode_shortcode_id=\u00bb703717&#8243;]Desde nuestro establecimiento, hemos forjado una s\u00f3lida asociaci\u00f3n comercial con Brasil, centr\u00e1ndonos en el concentrado de esta\u00f1o de alta calidad. Nuestro volumen de importaci\u00f3n ha crecido continuamente, superando los 30 millones en ventas en el segundo semestre de 2022. Seg\u00fan pruebas de terceros, nuestro concentrado de esta\u00f1o importado supera el 70% de contenido de esta\u00f1o, lo que garantiza la competitividad del mercado y genera una alta satisfacci\u00f3n y confianza del cliente.[\/vc_column_text][vc_column_text uncode_shortcode_id=\u00bb740591&#8243;]Nuestro \u00e9xito se atribuye a varios factores clave: los abundantes recursos naturales de Brasil y la cadena de suministro estable que hemos establecido, nuestra incesante b\u00fasqueda de la calidad del producto y nuestro profundo conocimiento de los requisitos de los clientes. En el futuro, nuestro objetivo es profundizar nuestra colaboraci\u00f3n con Brasil, ampliar nuestra gama de importaciones de recursos minerales para satisfacer las diversas demandas del mercado nacional e internacional y fomentar el crecimiento y la prosperidad de nuestra empresa y de la industria en su conjunto.[\/vc_column_text][vc_gallery el_id=\u00bbgallery-4940811&#8243; type=\u00bbcarousel\u00bb medias=\u00bb141350,141351,141352,141353&#8243; carousel_lg=\u00bb3&#8243; carousel_md=\u00bb3&#8243; carousel_sm=\u00bb1&#8243; thumb_size=\u00bbfour-three\u00bb gutter_size=\u00bb3&#8243; media_items=\u00bbmedia|lightbox|original\u00bb carousel_interval=\u00bb3000&#8243; carousel_navspeed=\u00bb400&#8243; carousel_loop=\u00bbyes\u00bb carousel_nav=\u00bbyes\u00bb carousel_nav_mobile=\u00bbyes\u00bb stage_padding=\u00bb0&#8243; single_overlay_opacity=\u00bb50&#8243; single_padding=\u00bb2&#8243; uncode_shortcode_id=\u00bb111367&#8243;][\/vc_column][\/vc_row][vc_row row_height_percent=\u00bb0&#8243; override_padding=\u00bbyes\u00bb h_padding=\u00bb2&#8243; top_padding=\u00bb3&#8243; bottom_padding=\u00bb3&#8243; back_color=\u00bbcolor-lxmt\u00bb overlay_alpha=\u00bb50&#8243; equal_height=\u00bbyes\u00bb gutter_size=\u00bb0&#8243; column_width_percent=\u00bb100&#8243; shift_y=\u00bb0&#8243; z_index=\u00bb0&#8243; uncode_shortcode_id=\u00bb168957&#8243; back_color_type=\u00bbuncode-palette\u00bb][vc_column column_width_percent=\u00bb100&#8243; position_vertical=\u00bbmiddle\u00bb gutter_size=\u00bb3&#8243; overlay_alpha=\u00bb50&#8243; shift_x=\u00bb0&#8243; shift_y=\u00bb0&#8243; shift_y_down=\u00bb0&#8243; z_index=\u00bb0&#8243; medium_width=\u00bb0&#8243; mobile_width=\u00bb0&#8243; width=\u00bb1\/1&#8243; uncode_shortcode_id=\u00bb611563&#8243;][vc_custom_heading text_size=\u00bb\u00bb uncode_shortcode_id=\u00bb969782&#8243;]Mineral de Litio[\/vc_custom_heading][vc_column_text uncode_shortcode_id=\u00bb194555&#8243;]El litio, un metal energ\u00e9tico vital, es fundamental para la transformaci\u00f3n energ\u00e9tica mundial y la innovaci\u00f3n tecnol\u00f3gica. Su papel en las bater\u00edas de litio de alta energ\u00eda y las reacciones termonucleares controladas subraya su importancia para abordar las necesidades energ\u00e9ticas a largo plazo. Esencial para las bater\u00edas de los veh\u00edculos el\u00e9ctricos y los dispositivos electr\u00f3nicos, el litio es un elemento indispensable en la tecnolog\u00eda moderna.[\/vc_column_text][vc_column_text uncode_shortcode_id=\u00bb796999&#8243;]De cara alfuturo, profundizaremos nuestra cooperaci\u00f3n con los proveedores mundiales delitio, optimizaremos nuestra cadenade suministroy mejoraremoslosniveles de servicio para satisfacer la creciente demanda delmercado.Atrav\u00e9sdel esfuerzo continuo y lainnovaci\u00f3n, nuestroobjetivo es desempe\u00f1ar un papel importante en las nuevas energ\u00edas y contribuir a la transformaci\u00f3n energ\u00e9tica globaly al progreso tecnol\u00f3gico.[\/vc_column_text][vc_column_text uncode_shortcode_id=\u00bb744637&#8243;]Eneste contexto, nuestra empresa haentradode forma proactiva en el comercio de litio con una estrategia orientada al futuro. Hemos asegurado una asociaci\u00f3nde adquisici\u00f3n exclusiva a largo plazo con la mina de litio Bensonen Zimbabue. Esto garantiza un suministro estable de mineralde litioy fortalece nuestra competitividad en el mercadomundial de litio.[\/vc_column_text][vc_gallery el_id=\u00bbgallery-494082&#8243; type=\u00bbcarousel\u00bb medias=\u00bb141354,141355,141375,141357,141359,141358&#8243; carousel_lg=\u00bb3&#8243; carousel_md=\u00bb3&#8243; carousel_sm=\u00bb1&#8243; thumb_size=\u00bbfour-three\u00bb gutter_size=\u00bb3&#8243; media_items=\u00bbmedia|lightbox|original\u00bb carousel_interval=\u00bb3000&#8243; carousel_navspeed=\u00bb400&#8243; carousel_loop=\u00bbyes\u00bb carousel_nav=\u00bbyes\u00bb carousel_nav_mobile=\u00bbyes\u00bb stage_padding=\u00bb0&#8243; single_overlay_opacity=\u00bb50&#8243; single_padding=\u00bb2&#8243; uncode_shortcode_id=\u00bb416767&#8243;][\/vc_column][\/vc_row][vc_row row_height_percent=\u00bb0&#8243; override_padding=\u00bbyes\u00bb h_padding=\u00bb2&#8243; top_padding=\u00bb3&#8243; bottom_padding=\u00bb3&#8243; overlay_color=\u00bbcolor-159154&#8243; overlay_alpha=\u00bb10&#8243; equal_height=\u00bbyes\u00bb gutter_size=\u00bb2&#8243; column_width_percent=\u00bb100&#8243; shift_y=\u00bb0&#8243; z_index=\u00bb0&#8243; uncode_shortcode_id=\u00bb130764&#8243; overlay_color_type=\u00bbuncode-palette\u00bb][vc_column column_width_percent=\u00bb100&#8243; gutter_size=\u00bb3&#8243; overlay_alpha=\u00bb50&#8243; shift_x=\u00bb0&#8243; shift_y=\u00bb0&#8243; shift_y_down=\u00bb0&#8243; z_index=\u00bb0&#8243; medium_width=\u00bb0&#8243; mobile_width=\u00bb0&#8243; width=\u00bb1\/1&#8243; uncode_shortcode_id=\u00bb205352&#8243;][vc_custom_heading heading_semantic=\u00bbh1&#8243; text_size=\u00bb\u00bb uncode_shortcode_id=\u00bb260748&#8243;]Energy[\/vc_custom_heading][vc_column_text uncode_shortcode_id=\u00bb100734&#8243;]<strong>Inversi\u00f3n Estrat\u00e9gica en Tecnolog\u00eda Fotovoltaica: <\/strong><br \/>\nHemos invertido en una destacada empresa estadounidense de tecnolog\u00eda fotovoltaica, subrayando nuestro compromiso con el desarrollo sostenible. Esta inversi\u00f3n fortalece nuestra posici\u00f3n estrat\u00e9gica en energ\u00edas renovables y impulsa la innovaci\u00f3n y aplicaci\u00f3n en tecnolog\u00eda fotovoltaica. Al colaborar estrechamente con esta empresa, buscamos desarrollar soluciones de energ\u00eda solar m\u00e1s eficientes y respetuosas con el medio ambiente para satisfacer la creciente demanda global de energ\u00eda.[\/vc_column_text][vc_column_text uncode_shortcode_id=\u00bb213802&#8243;]<strong>Estrategia Integral de Energ\u00eda:<\/strong><br \/>\nNuestro negocio energ\u00e9tico va m\u00e1s all\u00e1 de los recursos tradicionales de petr\u00f3leo y gas para incluir la innovaci\u00f3n y aplicaci\u00f3n de nuevas tecnolog\u00edas energ\u00e9ticas. Esta estrategia diversificada tiene como objetivo construir un ecosistema energ\u00e9tico m\u00e1s limpio, eficiente y sostenible, contribuyendo a la transformaci\u00f3n energ\u00e9tica global.[\/vc_column_text][vc_column_text uncode_shortcode_id=\u00bb109766&#8243;]<strong>Visi\u00f3n Futura:<\/strong><br \/>\nNos dedicamos a promover la cooperaci\u00f3n internacional en el sector energ\u00e9tico y fortalecer la integraci\u00f3n con el mercado energ\u00e9tico global. Nuestro enfoque incluye la expansi\u00f3n de inversiones en investigaci\u00f3n, desarrollo y comercializaci\u00f3n de nuevas tecnolog\u00edas energ\u00e9ticas para impulsar la transformaci\u00f3n verde de la industria. A trav\u00e9s de estos esfuerzos, nuestro objetivo es realizar una contribuci\u00f3n significativa para alcanzar los objetivos globales de desarrollo sostenible[\/vc_column_text][vc_column_text uncode_shortcode_id=\u00bb108999&#8243;]<strong>Desarrollo Estrat\u00e9gico:<\/strong><br \/>\nA trav\u00e9s de estas iniciativas, nuestra empresa avanza constantemente hacia el liderazgo en el desarrollo sostenible dentro del sector energ\u00e9tico. Nos dedicamos a ofrecer soluciones energ\u00e9ticas limpias, confiables y eficientes a nuestros clientes globales, abordando la creciente demanda energ\u00e9tica y avanzando hacia un futuro m\u00e1s verde y sostenible.[\/vc_column_text][vc_gallery el_id=\u00bbgallery-494081008&#8243; type=\u00bbcarousel\u00bb medias=\u00bb141345,141347,141348,141349&#8243; carousel_lg=\u00bb3&#8243; carousel_md=\u00bb3&#8243; carousel_sm=\u00bb1&#8243; thumb_size=\u00bbfour-three\u00bb gutter_size=\u00bb3&#8243; media_items=\u00bbmedia|lightbox|original\u00bb carousel_interval=\u00bb3000&#8243; carousel_navspeed=\u00bb400&#8243; carousel_loop=\u00bbyes\u00bb carousel_nav=\u00bbyes\u00bb carousel_nav_mobile=\u00bbyes\u00bb stage_padding=\u00bb0&#8243; single_overlay_opacity=\u00bb50&#8243; single_padding=\u00bb2&#8243; uncode_shortcode_id=\u00bb345809&#8243;][\/vc_column][\/vc_row]<\/p>\n<\/div>","protected":false},"excerpt":{"rendered":"<p>[vc_row row_height_percent=\u00bb50&#8243; back_image=\u00bb141229&#8243; back_position=\u00bbcenter center\u00bb kburns=\u00bbyes\u00bb overlay_color=\u00bbcolor-jevc\u00bb overlay_alpha=\u00bb30&#8243; gutter_size=\u00bb3&#8243; column_width_percent=\u00bb100&#8243; shift_y=\u00bb0&#8243; z_index=\u00bb0&#8243; uncode_shortcode_id=\u00bb469893&#8243; row_height_pixel=\u00bb300&#8243; overlay_color_type=\u00bbuncode-palette\u00bb][vc_column column_width_percent=\u00bb100&#8243; position_vertical=\u00bbmiddle\u00bb align_horizontal=\u00bbalign_center\u00bb gutter_size=\u00bb3&#8243; style=\u00bbdark\u00bb [&hellip;]<\/p>\n","protected":false},"author":1,"featured_media":0,"parent":0,"menu_order":0,"comment_status":"closed","ping_status":"closed","template":"","meta":{"footnotes":""},"class_list":["post-141734","page","type-page","status-publish","hentry"],"_links":{"self":[{"href":"https:\/\/raymy.hk\/es\/wp-json\/wp\/v2\/pages\/141734"}],"collection":[{"href":"https:\/\/raymy.hk\/es\/wp-json\/wp\/v2\/pages"}],"about":[{"href":"https:\/\/raymy.hk\/es\/wp-json\/wp\/v2\/types\/page"}],"author":[{"embeddable":true,"href":"https:\/\/raymy.hk\/es\/wp-json\/wp\/v2\/users\/1"}],"replies":[{"embeddable":true,"href":"https:\/\/raymy.hk\/es\/wp-json\/wp\/v2\/comments?post=141734"}],"version-history":[{"count":4,"href":"https:\/\/raymy.hk\/es\/wp-json\/wp\/v2\/pages\/141734\/revisions"}],"predecessor-version":[{"id":141738,"href":"https:\/\/raymy.hk\/es\/wp-json\/wp\/v2\/pages\/141734\/revisions\/141738"}],"wp:attachment":[{"href":"https:\/\/raymy.hk\/es\/wp-json\/wp\/v2\/media?parent=141734"}],"curies":[{"name":"wp","href":"https:\/\/api.w.org\/{rel}","templated":true}]}}