{"id":141385,"date":"2022-10-26T16:30:57","date_gmt":"2022-10-26T14:30:57","guid":{"rendered":"https:\/\/raymy.hk\/creative-architect\/"},"modified":"2024-09-02T21:24:19","modified_gmt":"2024-09-02T13:24:19","slug":"creative-architect","status":"publish","type":"page","link":"https:\/\/raymy.hk\/es\/","title":{"rendered":"p\u00e1gina de inicio"},"content":{"rendered":"<div class=\"wpb-content-wrapper\"><p>[vc_row row_height_percent=\u00bb0&#8243; override_padding=\u00bbyes\u00bb h_padding=\u00bb2&#8243; top_padding=\u00bb3&#8243; bottom_padding=\u00bb0&#8243; overlay_alpha=\u00bb50&#8243; gutter_size=\u00bb3&#8243; column_width_percent=\u00bb100&#8243; shift_y=\u00bb0&#8243; z_index=\u00bb0&#8243; uncode_shortcode_id=\u00bb133120&#8243;][vc_column column_width_percent=\u00bb100&#8243; position_vertical=\u00bbbottom\u00bb gutter_size=\u00bb3&#8243; overlay_alpha=\u00bb50&#8243; shift_x=\u00bb0&#8243; shift_y=\u00bb0&#8243; shift_y_down=\u00bb0&#8243; z_index=\u00bb0&#8243; medium_width=\u00bb0&#8243; mobile_width=\u00bb0&#8243; width=\u00bb1\/1&#8243; uncode_shortcode_id=\u00bb130768&#8243;][vc_row_inner row_inner_height_percent=\u00bb0&#8243; overlay_alpha=\u00bb50&#8243; equal_height=\u00bbyes\u00bb gutter_size=\u00bb4&#8243; shift_y=\u00bb0&#8243; z_index=\u00bb0&#8243; limit_content=\u00bb\u00bb uncode_shortcode_id=\u00bb329848&#8243;][vc_column_inner column_width_percent=\u00bb100&#8243; position_vertical=\u00bbmiddle\u00bb gutter_size=\u00bb4&#8243; override_padding=\u00bbyes\u00bb column_padding=\u00bb0&#8243; back_image=\u00bb141110&#8243; back_repeat=\u00bbno-repeat\u00bb back_position=\u00bbleft bottom\u00bb overlay_alpha=\u00bb50&#8243; shift_x=\u00bb0&#8243; shift_y=\u00bb0&#8243; shift_y_down=\u00bb0&#8243; z_index=\u00bb0&#8243; medium_width=\u00bb6&#8243; mobile_width=\u00bb7&#8243; width=\u00bb8\/12&#8243; uncode_shortcode_id=\u00bb797002&#8243; back_size=\u00bb300px 220px\u00bb][vc_custom_heading heading_semantic=\u00bbp\u00bb text_size=\u00bbh4&#8243; text_weight=\u00bb400&#8243; text_height=\u00bbfontheight-357766&#8243; uncode_shortcode_id=\u00bb174007&#8243;]Raymy Trade Limited est\u00e1 comprometida con\u00a0establecer el est\u00e1ndar de la industria en el comercio de mercanc\u00edas. A trav\u00e9s de la innovaci\u00f3n continua y la optimizaci\u00f3n de los procesos de servicio, nos esforzamos por ofrecer el m\u00e1ximo valor a nuestros clientes y fomentar el desarrollo de toda la industria. Creemos firmemente que, con nuestros servicios profesionales y nuestro compromiso inquebrantable, Raymy Trade Limited se convertir\u00e1 en su socio comercial m\u00e1s confiable.[\/vc_custom_heading][vc_empty_space][\/vc_column_inner][vc_column_inner column_width_percent=\u00bb100&#8243; gutter_size=\u00bb3&#8243; overlay_alpha=\u00bb50&#8243; shift_x=\u00bb0&#8243; shift_y=\u00bb0&#8243; shift_y_down=\u00bb0&#8243; z_index=\u00bb0&#8243; medium_width=\u00bb0&#8243; mobile_width=\u00bb0&#8243; width=\u00bb4\/12&#8243; uncode_shortcode_id=\u00bb905052&#8243;][vc_single_image media=\u00bb141112&#8243; media_width_percent=\u00bb100&#8243; alignment=\u00bbcenter\u00bb uncode_shortcode_id=\u00bb205255&#8243;][\/vc_column_inner][\/vc_row_inner][\/vc_column][\/vc_row][vc_row row_height_percent=\u00bb0&#8243; override_padding=\u00bbyes\u00bb h_padding=\u00bb2&#8243; top_padding=\u00bb4&#8243; bottom_padding=\u00bb4&#8243; back_color=\u00bbcolor-200341&#8243; overlay_alpha=\u00bb50&#8243; gutter_size=\u00bb3&#8243; column_width_percent=\u00bb100&#8243; shift_y=\u00bb0&#8243; z_index=\u00bb0&#8243; uncode_shortcode_id=\u00bb190761&#8243; back_color_type=\u00bbuncode-palette\u00bb][vc_column column_width_percent=\u00bb100&#8243; align_horizontal=\u00bbalign_center\u00bb gutter_size=\u00bb3&#8243; overlay_alpha=\u00bb50&#8243; shift_x=\u00bb0&#8243; shift_y=\u00bb0&#8243; shift_y_down=\u00bb0&#8243; z_index=\u00bb0&#8243; medium_width=\u00bb0&#8243; mobile_width=\u00bb0&#8243; width=\u00bb1\/1&#8243; uncode_shortcode_id=\u00bb144349&#8243;][vc_custom_heading heading_semantic=\u00bbh1&#8243; text_size=\u00bbh1&#8243; separator=\u00bbyes\u00bb uncode_shortcode_id=\u00bb144887&#8243; el_class=\u00bbseparator-color\u00bb]Nuestra actividad principal[\/vc_custom_heading][vc_row_inner][vc_column_inner column_width_percent=\u00bb100&#8243; gutter_size=\u00bb3&#8243; style=\u00bbdark\u00bb overlay_alpha=\u00bb50&#8243; shift_x=\u00bb0&#8243; shift_y=\u00bb0&#8243; shift_y_down=\u00bb0&#8243; z_index=\u00bb0&#8243; medium_width=\u00bb0&#8243; mobile_width=\u00bb0&#8243; width=\u00bb1\/3&#8243; uncode_shortcode_id=\u00bb753768&#8243;][vc_single_image media=\u00bb141120&#8243; media_width_percent=\u00bb100&#8243; advanced=\u00bbyes\u00bb media_items=\u00bbmedia|original,title\u00bb media_back_color=\u00bbcolor-200341&#8243; media_overlay_color=\u00bbcolor-738198&#8243; media_overlay_opacity=\u00bb50&#8243; media_overlay_visible=\u00bbyes\u00bb media_overlay_anim=\u00bbno\u00bb media_text_visible=\u00bbyes\u00bb media_text_anim=\u00bbno\u00bb media_h_align=\u00bbcenter\u00bb media_h_position=\u00bbcenter\u00bb media_padding=\u00bb0&#8243; media_title_dimension=\u00bbh3&#8243; media_title_weight=\u00bb300&#8243; uncode_shortcode_id=\u00bb934539&#8243; media_back_color_type=\u00bbuncode-palette\u00bb media_overlay_color_type=\u00bbuncode-palette\u00bb][\/vc_column_inner][vc_column_inner width=\u00bb1\/3&#8243;][vc_single_image media=\u00bb141121&#8243; media_width_percent=\u00bb100&#8243; advanced=\u00bbyes\u00bb media_items=\u00bbmedia|original,title\u00bb media_back_color=\u00bbcolor-200341&#8243; media_overlay_color=\u00bbcolor-183001&#8243; media_overlay_opacity=\u00bb50&#8243; media_overlay_visible=\u00bbyes\u00bb media_overlay_anim=\u00bbno\u00bb media_text_visible=\u00bbyes\u00bb media_text_anim=\u00bbno\u00bb media_h_align=\u00bbcenter\u00bb media_h_position=\u00bbcenter\u00bb media_padding=\u00bb0&#8243; media_title_dimension=\u00bbh3&#8243; media_title_weight=\u00bb300&#8243; uncode_shortcode_id=\u00bb667626&#8243; media_back_color_type=\u00bbuncode-palette\u00bb media_overlay_color_type=\u00bbuncode-palette\u00bb][\/vc_column_inner][vc_column_inner width=\u00bb1\/3&#8243;][vc_single_image media=\u00bb141122&#8243; media_width_percent=\u00bb100&#8243; advanced=\u00bbyes\u00bb media_items=\u00bbmedia|original,title\u00bb media_back_color=\u00bbcolor-200341&#8243; media_overlay_color=\u00bbcolor-191073&#8243; media_overlay_opacity=\u00bb50&#8243; media_overlay_visible=\u00bbyes\u00bb media_overlay_anim=\u00bbno\u00bb media_text_visible=\u00bbyes\u00bb media_text_anim=\u00bbno\u00bb media_h_align=\u00bbcenter\u00bb media_h_position=\u00bbcenter\u00bb media_padding=\u00bb0&#8243; media_title_dimension=\u00bbh3&#8243; media_title_weight=\u00bb300&#8243; uncode_shortcode_id=\u00bb626991&#8243; media_back_color_type=\u00bbuncode-palette\u00bb media_overlay_color_type=\u00bbuncode-palette\u00bb][\/vc_column_inner][\/vc_row_inner][vc_empty_space empty_h=\u00bb1&#8243;][vc_button button_color=\u00bbcolor-886995&#8243; radius=\u00bbbtn-round\u00bb border_width=\u00bb0&#8243; icon_position=\u00bbright\u00bb button_color_type=\u00bbuncode-palette\u00bb uncode_shortcode_id=\u00bb196429&#8243; icon=\u00bbfa fa-arrow-right4&#8243; el_class=\u00bbbutton-round\u00bb]m\u00e1s[\/vc_button][\/vc_column][\/vc_row][vc_row row_height_percent=\u00bb0&#8243; override_padding=\u00bbyes\u00bb h_padding=\u00bb2&#8243; top_padding=\u00bb0&#8243; bottom_padding=\u00bb4&#8243; overlay_alpha=\u00bb50&#8243; gutter_size=\u00bb3&#8243; column_width_percent=\u00bb100&#8243; shift_y=\u00bb0&#8243; z_index=\u00bb0&#8243; uncode_shortcode_id=\u00bb618511&#8243;][vc_column column_width_percent=\u00bb100&#8243; align_horizontal=\u00bbalign_center\u00bb gutter_size=\u00bb3&#8243; back_image=\u00bb141136&#8243; back_repeat=\u00bbno-repeat\u00bb back_position=\u00bbright top\u00bb overlay_alpha=\u00bb50&#8243; shift_x=\u00bb0&#8243; shift_y=\u00bb0&#8243; shift_y_down=\u00bb0&#8243; z_index=\u00bb0&#8243; medium_width=\u00bb0&#8243; mobile_width=\u00bb0&#8243; width=\u00bb1\/1&#8243; uncode_shortcode_id=\u00bb212780&#8243; back_size=\u00bb300px 220px\u00bb][vc_empty_space][vc_custom_heading heading_semantic=\u00bbh1&#8243; text_size=\u00bbh1&#8243; separator=\u00bbyes\u00bb uncode_shortcode_id=\u00bb208060&#8243; el_class=\u00bbseparator-color\u00bb]Minerals[\/vc_custom_heading][vc_gallery el_id=\u00bbgallery-168702&#8243; type=\u00bbcarousel\u00bb medias=\u00bb141706,141707,141708,141709,141717&#8243; carousel_lg=\u00bb4&#8243; carousel_md=\u00bb3&#8243; carousel_sm=\u00bb1&#8243; thumb_size=\u00bbone-one\u00bb gutter_size=\u00bb3&#8243; media_items=\u00bbmedia|lightbox|original,title\u00bb carousel_interval=\u00bb10000&#8243; carousel_navspeed=\u00bb700&#8243; carousel_loop=\u00bbyes\u00bb carousel_nav=\u00bbyes\u00bb stage_padding=\u00bb0&#8243; single_text=\u00bbunder\u00bb single_shape=\u00bbcircle\u00bb single_overlay_opacity=\u00bb50&#8243; single_overlay_anim=\u00bbno\u00bb single_text_anim=\u00bbno\u00bb single_image_anim=\u00bbno\u00bb single_h_align=\u00bbcenter\u00bb single_padding=\u00bb2&#8243; single_border=\u00bbyes\u00bb uncode_shortcode_id=\u00bb599383&#8243;][vc_button button_color=\u00bbcolor-886995&#8243; radius=\u00bbbtn-round\u00bb border_width=\u00bb0&#8243; icon_position=\u00bbright\u00bb button_color_type=\u00bbuncode-palette\u00bb uncode_shortcode_id=\u00bb610960&#8243; icon=\u00bbfa fa-arrow-right4&#8243; el_class=\u00bbbutton-round\u00bb]m\u00e1s[\/vc_button][\/vc_column][\/vc_row][vc_row row_height_percent=\u00bb0&#8243; override_padding=\u00bbyes\u00bb h_padding=\u00bb2&#8243; top_padding=\u00bb0&#8243; bottom_padding=\u00bb4&#8243; overlay_alpha=\u00bb50&#8243; gutter_size=\u00bb3&#8243; column_width_percent=\u00bb100&#8243; shift_y=\u00bb0&#8243; z_index=\u00bb0&#8243; desktop_visibility=\u00bbyes\u00bb medium_visibility=\u00bbyes\u00bb mobile_visibility=\u00bbyes\u00bb uncode_shortcode_id=\u00bb977348&#8243;][vc_column column_width_percent=\u00bb100&#8243; align_horizontal=\u00bbalign_center\u00bb gutter_size=\u00bb3&#8243; back_image=\u00bb141136&#8243; back_repeat=\u00bbno-repeat\u00bb back_position=\u00bbright top\u00bb overlay_alpha=\u00bb50&#8243; shift_x=\u00bb0&#8243; shift_y=\u00bb0&#8243; shift_y_down=\u00bb0&#8243; z_index=\u00bb0&#8243; medium_width=\u00bb0&#8243; mobile_width=\u00bb0&#8243; width=\u00bb1\/1&#8243; uncode_shortcode_id=\u00bb212780&#8243; back_size=\u00bb300px 220px\u00bb][vc_empty_space][vc_custom_heading heading_semantic=\u00bbh1&#8243; text_size=\u00bbh1&#8243; separator=\u00bbyes\u00bb uncode_shortcode_id=\u00bb264638&#8243; el_class=\u00bbseparator-color\u00bb]\u00daltimas noticias[\/vc_custom_heading][uncode_index el_id=\u00bbindex-2142718&#8243; isotope_mode=\u00bbfitRows\u00bb loop=\u00bbsize:3|order_by:date|post_type:post|categories:122|taxonomy_count:10&#8243; screen_lg=\u00bb1000&#8243; screen_md=\u00bb600&#8243; screen_sm=\u00bb480&#8243; gutter_size=\u00bb3&#8243; post_items=\u00bbmedia|featured|onpost|original,date,title,text|excerpt\u00bb single_overlay_opacity=\u00bb50&#8243; single_overlay_anim=\u00bbno\u00bb single_text_anim=\u00bbno\u00bb single_padding=\u00bb2&#8243; uncode_shortcode_id=\u00bb134612&#8243; el_class=\u00bbstyle-latestnews\u00bb][vc_button button_color=\u00bbcolor-886995&#8243; radius=\u00bbbtn-round\u00bb border_width=\u00bb0&#8243; icon_position=\u00bbright\u00bb button_color_type=\u00bbuncode-palette\u00bb uncode_shortcode_id=\u00bb151383&#8243; icon=\u00bbfa fa-arrow-right4&#8243; el_class=\u00bbbutton-round\u00bb]m\u00e1s[\/vc_button][\/vc_column][\/vc_row]<\/p>\n<\/div>","protected":false},"excerpt":{"rendered":"<p>[vc_row row_height_percent=\u00bb0&#8243; override_padding=\u00bbyes\u00bb h_padding=\u00bb2&#8243; top_padding=\u00bb3&#8243; bottom_padding=\u00bb0&#8243; overlay_alpha=\u00bb50&#8243; gutter_size=\u00bb3&#8243; column_width_percent=\u00bb100&#8243; shift_y=\u00bb0&#8243; z_index=\u00bb0&#8243; uncode_shortcode_id=\u00bb133120&#8243;][vc_column column_width_percent=\u00bb100&#8243; position_vertical=\u00bbbottom\u00bb gutter_size=\u00bb3&#8243; overlay_alpha=\u00bb50&#8243; shift_x=\u00bb0&#8243; shift_y=\u00bb0&#8243; shift_y_down=\u00bb0&#8243; z_index=\u00bb0&#8243; [&hellip;]<\/p>\n","protected":false},"author":1,"featured_media":0,"parent":0,"menu_order":0,"comment_status":"closed","ping_status":"closed","template":"","meta":{"footnotes":""},"class_list":["post-141385","page","type-page","status-publish","hentry"],"_links":{"self":[{"href":"https:\/\/raymy.hk\/es\/wp-json\/wp\/v2\/pages\/141385"}],"collection":[{"href":"https:\/\/raymy.hk\/es\/wp-json\/wp\/v2\/pages"}],"about":[{"href":"https:\/\/raymy.hk\/es\/wp-json\/wp\/v2\/types\/page"}],"author":[{"embeddable":true,"href":"https:\/\/raymy.hk\/es\/wp-json\/wp\/v2\/users\/1"}],"replies":[{"embeddable":true,"href":"https:\/\/raymy.hk\/es\/wp-json\/wp\/v2\/comments?post=141385"}],"version-history":[{"count":9,"href":"https:\/\/raymy.hk\/es\/wp-json\/wp\/v2\/pages\/141385\/revisions"}],"predecessor-version":[{"id":141753,"href":"https:\/\/raymy.hk\/es\/wp-json\/wp\/v2\/pages\/141385\/revisions\/141753"}],"wp:attachment":[{"href":"https:\/\/raymy.hk\/es\/wp-json\/wp\/v2\/media?parent=141385"}],"curies":[{"name":"wp","href":"https:\/\/api.w.org\/{rel}","templated":true}]}}